{"id":1035,"date":"2023-04-11T19:27:55","date_gmt":"2023-04-11T19:27:55","guid":{"rendered":"http:\/\/www.sergeomin.gob.bo\/?page_id=1035"},"modified":"2025-09-15T18:52:02","modified_gmt":"2025-09-15T18:52:02","slug":"que-es-sergeomin","status":"publish","type":"page","link":"https:\/\/www.sergeomin.gob.bo\/index.php\/que-es-sergeomin\/","title":{"rendered":"RESE\u00d1A HIST\u00d3RICA"},"content":{"rendered":"\t\t<div data-elementor-type=\"wp-page\" data-elementor-id=\"1035\" class=\"elementor elementor-1035\">\n\t\t\t\t\t\t<section class=\"elementor-section elementor-top-section elementor-element elementor-element-f182b9c elementor-section-boxed elementor-section-height-default elementor-section-height-default\" data-id=\"f182b9c\" data-element_type=\"section\">\n\t\t\t\t\t\t<div class=\"elementor-container elementor-column-gap-default\">\n\t\t\t\t\t<div class=\"elementor-column elementor-col-100 elementor-top-column elementor-element elementor-element-0cb5e81\" data-id=\"0cb5e81\" data-element_type=\"column\">\n\t\t\t<div class=\"elementor-widget-wrap elementor-element-populated\">\n\t\t\t\t\t\t<div class=\"elementor-element elementor-element-ae7b63b elementor-widget elementor-widget-spacer\" data-id=\"ae7b63b\" data-element_type=\"widget\" data-widget_type=\"spacer.default\">\n\t\t\t\t<div class=\"elementor-widget-container\">\n\t\t\t\t\t<div class=\"elementor-spacer\">\n\t\t\t<div class=\"elementor-spacer-inner\"><\/div>\n\t\t<\/div>\n\t\t\t\t<\/div>\n\t\t\t\t<\/div>\n\t\t\t\t\t<\/div>\n\t\t<\/div>\n\t\t\t\t\t<\/div>\n\t\t<\/section>\n\t\t\t\t<section class=\"elementor-section elementor-top-section elementor-element elementor-element-fb7a75b elementor-section-boxed elementor-section-height-default elementor-section-height-default\" data-id=\"fb7a75b\" data-element_type=\"section\">\n\t\t\t\t\t\t<div class=\"elementor-container elementor-column-gap-default\">\n\t\t\t\t\t<div class=\"elementor-column elementor-col-100 elementor-top-column elementor-element elementor-element-92df6bc\" data-id=\"92df6bc\" data-element_type=\"column\">\n\t\t\t<div class=\"elementor-widget-wrap elementor-element-populated\">\n\t\t\t\t\t\t<div class=\"elementor-element elementor-element-7e6a45c elementor-widget elementor-widget-heading\" data-id=\"7e6a45c\" data-element_type=\"widget\" data-widget_type=\"heading.default\">\n\t\t\t\t<div class=\"elementor-widget-container\">\n\t\t\t<h2 class=\"elementor-heading-title elementor-size-default\">RESE\u00d1A HIST\u00d3RICA DEL \"SERGEOMIN\"<\/h2>\t\t<\/div>\n\t\t\t\t<\/div>\n\t\t\t\t\t<\/div>\n\t\t<\/div>\n\t\t\t\t\t<\/div>\n\t\t<\/section>\n\t\t\t\t<section class=\"elementor-section elementor-top-section elementor-element elementor-element-e366f1d elementor-section-boxed elementor-section-height-default elementor-section-height-default\" data-id=\"e366f1d\" data-element_type=\"section\">\n\t\t\t\t\t\t<div class=\"elementor-container elementor-column-gap-default\">\n\t\t\t\t\t<div class=\"elementor-column elementor-col-50 elementor-top-column elementor-element elementor-element-7112b5e\" data-id=\"7112b5e\" data-element_type=\"column\">\n\t\t\t<div class=\"elementor-widget-wrap elementor-element-populated\">\n\t\t\t\t\t\t<div class=\"elementor-element elementor-element-6c5c15c elementor-widget__width-initial elementor-invisible elementor-widget elementor-widget-text-editor\" data-id=\"6c5c15c\" data-element_type=\"widget\" data-settings=\"{&quot;_animation&quot;:&quot;zoomIn&quot;}\" data-widget_type=\"text-editor.default\">\n\t\t\t\t<div class=\"elementor-widget-container\">\n\t\t\t\t\t\t\t<div class=\"xieb3on x1gslohp\"><ul><li>El estudio en geolog\u00eda y miner\u00eda comenz\u00f3 en 1960 con el Departamento Nacional de Geolog\u00eda (DENAGEO) que era dependiente del Ministerio de Minas y Petr\u00f3leo.<\/li><li>\u00a0<\/li><li>De acuerdo a Decreto Ley No. 07212 de 11 de junio de 1965, se crea una entidad aut\u00f3noma con personer\u00eda jur\u00eddica bajo la denominaci\u00f3n de Servicio Geol\u00f3gico de Bolivia (GEOBOL), dependiente del Ministerio de Minas y Petr\u00f3leo.<\/li><li>\u00a0<\/li><li>El 18 de abril de 1996 mediante Decreto Supremo No. 24275, se crea el Servicio Nacional de Geolog\u00eda y Miner\u00eda (SERGEOMIN), en sustituci\u00f3n del Servicio Geol\u00f3gico de Bolivia (GEOBOL), el Instituto de Investigaciones Minero Metal\u00fargicas (IIMM) y el Sistema Nacional de Informaci\u00f3n Minera (SNIM).<\/li><li>\u00a0<\/li><li>Por Resoluci\u00f3n Ministerial No. 024\/2004 de 1ro. de abril de 2004, se fusionan el Servicio Nacional de Geolog\u00eda y Miner\u00eda (SERGEOMIN) y el Servicio T\u00e9cnico de Minas (SETMIN) cre\u00e1ndose una nueva instituci\u00f3n: el \u00abServicio Nacional de Geolog\u00eda y T\u00e9cnico de Minas\u00bb (SERGEOTECMIN).<\/li><li>\u00a0<\/li><li>En septiembre de 2014 se aprueba el DS. 2116, que estableci\u00f3 el cierre del SERGEOTECMIN.<\/li><li>\u00a0<\/li><li>Mediante ta instauraci\u00f3n de la ley de Miner\u00eda y Metalurgia Ley 535, promulgada el 28 de mayo de 2014, se determina la creaci\u00f3n del SERVICIO GEOL\u00d3GICO MINERO &#8211; SERGEOMIN, entidad que entra en funciones el 1 de octubre del mismo a\u00f1o.<\/li><li>\u00a0<\/li><\/ul><p>El SERGEOMIN es un ente de \u201casesoramiento al Estado boliviano en todos los temas referidos a las ciencias de la Tierra\u201d<\/p><\/div>\t\t\t\t\t\t<\/div>\n\t\t\t\t<\/div>\n\t\t\t\t\t<\/div>\n\t\t<\/div>\n\t\t\t\t<div class=\"elementor-column elementor-col-50 elementor-top-column elementor-element elementor-element-a33327c\" data-id=\"a33327c\" data-element_type=\"column\">\n\t\t\t<div class=\"elementor-widget-wrap elementor-element-populated\">\n\t\t\t\t\t\t<div class=\"elementor-element elementor-element-dfb36f3 elementor-invisible elementor-widget elementor-widget-image\" data-id=\"dfb36f3\" data-element_type=\"widget\" data-settings=\"{&quot;_animation&quot;:&quot;fadeInUp&quot;}\" data-widget_type=\"image.default\">\n\t\t\t\t<div class=\"elementor-widget-container\">\n\t\t\t\t\t\t\t\t\t\t\t\t\t<img fetchpriority=\"high\" decoding=\"async\" width=\"640\" height=\"897\" src=\"https:\/\/www.sergeomin.gob.bo\/wp-content\/uploads\/2025\/09\/SERGEOMIN-EN-LA-HISTORIA-731x1024.jpg\" class=\"attachment-large size-large wp-image-6482\" alt=\"\" srcset=\"https:\/\/www.sergeomin.gob.bo\/wp-content\/uploads\/2025\/09\/SERGEOMIN-EN-LA-HISTORIA-731x1024.jpg 731w, https:\/\/www.sergeomin.gob.bo\/wp-content\/uploads\/2025\/09\/SERGEOMIN-EN-LA-HISTORIA-214x300.jpg 214w, https:\/\/www.sergeomin.gob.bo\/wp-content\/uploads\/2025\/09\/SERGEOMIN-EN-LA-HISTORIA-768x1075.jpg 768w, https:\/\/www.sergeomin.gob.bo\/wp-content\/uploads\/2025\/09\/SERGEOMIN-EN-LA-HISTORIA-1097x1536.jpg 1097w, https:\/\/www.sergeomin.gob.bo\/wp-content\/uploads\/2025\/09\/SERGEOMIN-EN-LA-HISTORIA-1463x2048.jpg 1463w, https:\/\/www.sergeomin.gob.bo\/wp-content\/uploads\/2025\/09\/SERGEOMIN-EN-LA-HISTORIA-1024x1434.jpg 1024w, https:\/\/www.sergeomin.gob.bo\/wp-content\/uploads\/2025\/09\/SERGEOMIN-EN-LA-HISTORIA-scaled.jpg 1828w\" sizes=\"(max-width: 640px) 100vw, 640px\" \/>\t\t\t\t\t\t\t\t\t\t\t\t\t<\/div>\n\t\t\t\t<\/div>\n\t\t\t\t\t<\/div>\n\t\t<\/div>\n\t\t\t\t\t<\/div>\n\t\t<\/section>\n\t\t\t\t<section class=\"elementor-section elementor-top-section elementor-element elementor-element-517ba14 elementor-section-boxed elementor-section-height-default elementor-section-height-default\" data-id=\"517ba14\" data-element_type=\"section\">\n\t\t\t\t\t\t<div class=\"elementor-container elementor-column-gap-default\">\n\t\t\t\t\t<div class=\"elementor-column elementor-col-100 elementor-top-column elementor-element elementor-element-18aa76e\" data-id=\"18aa76e\" data-element_type=\"column\">\n\t\t\t<div class=\"elementor-widget-wrap elementor-element-populated\">\n\t\t\t\t\t\t<div class=\"elementor-element elementor-element-418ce5f elementor-widget elementor-widget-spacer\" data-id=\"418ce5f\" data-element_type=\"widget\" data-widget_type=\"spacer.default\">\n\t\t\t\t<div class=\"elementor-widget-container\">\n\t\t\t\t\t<div class=\"elementor-spacer\">\n\t\t\t<div class=\"elementor-spacer-inner\"><\/div>\n\t\t<\/div>\n\t\t\t\t<\/div>\n\t\t\t\t<\/div>\n\t\t\t\t\t<\/div>\n\t\t<\/div>\n\t\t\t\t\t<\/div>\n\t\t<\/section>\n\t\t\t\t<\/div>\n\t\t","protected":false},"excerpt":{"rendered":"<p>RESE\u00d1A HIST\u00d3RICA DEL \u00abSERGEOMIN\u00bb El estudio en geolog\u00eda y miner\u00eda comenz\u00f3 en 1960 con el<\/p>\n","protected":false},"author":3,"featured_media":0,"parent":0,"menu_order":0,"comment_status":"closed","ping_status":"closed","template":"elementor_header_footer","meta":{"footnotes":""},"class_list":["post-1035","page","type-page","status-publish","hentry"],"_links":{"self":[{"href":"https:\/\/www.sergeomin.gob.bo\/index.php\/wp-json\/wp\/v2\/pages\/1035","targetHints":{"allow":["GET"]}}],"collection":[{"href":"https:\/\/www.sergeomin.gob.bo\/index.php\/wp-json\/wp\/v2\/pages"}],"about":[{"href":"https:\/\/www.sergeomin.gob.bo\/index.php\/wp-json\/wp\/v2\/types\/page"}],"author":[{"embeddable":true,"href":"https:\/\/www.sergeomin.gob.bo\/index.php\/wp-json\/wp\/v2\/users\/3"}],"replies":[{"embeddable":true,"href":"https:\/\/www.sergeomin.gob.bo\/index.php\/wp-json\/wp\/v2\/comments?post=1035"}],"version-history":[{"count":23,"href":"https:\/\/www.sergeomin.gob.bo\/index.php\/wp-json\/wp\/v2\/pages\/1035\/revisions"}],"predecessor-version":[{"id":6846,"href":"https:\/\/www.sergeomin.gob.bo\/index.php\/wp-json\/wp\/v2\/pages\/1035\/revisions\/6846"}],"wp:attachment":[{"href":"https:\/\/www.sergeomin.gob.bo\/index.php\/wp-json\/wp\/v2\/media?parent=1035"}],"curies":[{"name":"wp","href":"https:\/\/api.w.org\/{rel}","templated":true}]}}