{"id":2270,"date":"2023-06-25T01:28:11","date_gmt":"2023-06-25T01:28:11","guid":{"rendered":"http:\/\/www.sergeomin.gob.bo\/?page_id=2270"},"modified":"2024-04-24T08:08:05","modified_gmt":"2024-04-24T08:08:05","slug":"prospeccion-y-exploracion","status":"publish","type":"page","link":"https:\/\/www.sergeomin.gob.bo\/index.php\/prospeccion-y-exploracion\/","title":{"rendered":"PROSPECCI\u00d3N Y EXPLORACI\u00d3N"},"content":{"rendered":"\t\t<div data-elementor-type=\"wp-page\" data-elementor-id=\"2270\" class=\"elementor elementor-2270\">\n\t\t\t\t\t\t<section class=\"elementor-section elementor-top-section elementor-element elementor-element-395226b elementor-section-boxed elementor-section-height-default elementor-section-height-default\" data-id=\"395226b\" data-element_type=\"section\">\n\t\t\t\t\t\t<div class=\"elementor-container elementor-column-gap-default\">\n\t\t\t\t\t<div class=\"elementor-column elementor-col-100 elementor-top-column elementor-element elementor-element-f898fae\" data-id=\"f898fae\" data-element_type=\"column\">\n\t\t\t<div class=\"elementor-widget-wrap elementor-element-populated\">\n\t\t\t\t\t\t<div class=\"elementor-element elementor-element-079f3d2 elementor-widget elementor-widget-heading\" data-id=\"079f3d2\" data-element_type=\"widget\" data-widget_type=\"heading.default\">\n\t\t\t\t<div class=\"elementor-widget-container\">\n\t\t\t<h2 class=\"elementor-heading-title elementor-size-default\">SERVICIOS DE PROSPECCI\u00d3N Y EXPLORACI\u00d3N<\/h2>\t\t<\/div>\n\t\t\t\t<\/div>\n\t\t\t\t\t<\/div>\n\t\t<\/div>\n\t\t\t\t\t<\/div>\n\t\t<\/section>\n\t\t\t\t<section class=\"elementor-section elementor-top-section elementor-element elementor-element-8e386c7 elementor-section-boxed elementor-section-height-default elementor-section-height-default\" data-id=\"8e386c7\" data-element_type=\"section\">\n\t\t\t\t\t\t<div class=\"elementor-container elementor-column-gap-default\">\n\t\t\t\t\t<div class=\"elementor-column elementor-col-50 elementor-top-column elementor-element elementor-element-b19f597\" data-id=\"b19f597\" data-element_type=\"column\">\n\t\t\t<div class=\"elementor-widget-wrap elementor-element-populated\">\n\t\t\t\t\t\t<div class=\"elementor-element elementor-element-b44b9de elementor-widget__width-initial elementor-widget elementor-widget-text-editor\" data-id=\"b44b9de\" data-element_type=\"widget\" data-widget_type=\"text-editor.default\">\n\t\t\t\t<div class=\"elementor-widget-container\">\n\t\t\t\t\t\t\t<!DOCTYPE html>\n<html>\n<head>\n  <style>\n    .vertical-line {\n      border-left: 8px solid orange; \/* Color de la l\u00ednea y grosor *\/\n      height: 140px; \/* Altura de la l\u00ednea *\/\n    }\n  <\/style>\n<\/head>\n<body>\n  <div class=\"vertical-line\"><\/div>\n<\/body>\n<\/html>\n\t\t\t\t\t\t<\/div>\n\t\t\t\t<\/div>\n\t\t\t\t\t<\/div>\n\t\t<\/div>\n\t\t\t\t<div class=\"elementor-column elementor-col-50 elementor-top-column elementor-element elementor-element-14cfb75\" data-id=\"14cfb75\" data-element_type=\"column\">\n\t\t\t<div class=\"elementor-widget-wrap elementor-element-populated\">\n\t\t\t\t\t\t<div class=\"elementor-element elementor-element-9f655bd elementor-position-right elementor-vertical-align-top elementor-widget elementor-widget-image-box\" data-id=\"9f655bd\" data-element_type=\"widget\" data-widget_type=\"image-box.default\">\n\t\t\t\t<div class=\"elementor-widget-container\">\n\t\t\t<div class=\"elementor-image-box-wrapper\"><figure class=\"elementor-image-box-img\"><img fetchpriority=\"high\" decoding=\"async\" width=\"889\" height=\"749\" src=\"https:\/\/www.sergeomin.gob.bo\/wp-content\/uploads\/2023\/09\/Imagen1.jpg\" class=\"attachment-full size-full wp-image-3486\" alt=\"\" \/><\/figure><div class=\"elementor-image-box-content\"><h3 class=\"elementor-image-box-title\">Prospecci\u00f3n<\/h3><p class=\"elementor-image-box-description\">-    Mapeo geol\u00f3gico e identificaci\u00f3n de  estructuras mineralizadas en superficie  e interior mina. <br>\n- Muestreo orientativo y sistem\u00e1tico para  Determinar zonas de ocurrencia mineral. <br>\n- Identificaci\u00f3n de zonas estrat\u00e9gicas para definir blancos exploratorios en  funci\u00f3n de anomal\u00edas geoqu\u00edmicas y  geof\u00edsicas.\n<\/p><\/div><\/div>\t\t<\/div>\n\t\t\t\t<\/div>\n\t\t\t\t\t<\/div>\n\t\t<\/div>\n\t\t\t\t\t<\/div>\n\t\t<\/section>\n\t\t\t\t<section class=\"elementor-section elementor-top-section elementor-element elementor-element-952646d elementor-section-boxed elementor-section-height-default elementor-section-height-default\" data-id=\"952646d\" data-element_type=\"section\">\n\t\t\t\t\t\t<div class=\"elementor-container elementor-column-gap-default\">\n\t\t\t\t\t<div class=\"elementor-column elementor-col-50 elementor-top-column elementor-element elementor-element-b29d25e\" data-id=\"b29d25e\" data-element_type=\"column\">\n\t\t\t<div class=\"elementor-widget-wrap elementor-element-populated\">\n\t\t\t\t\t\t<div class=\"elementor-element elementor-element-f4f3e5a elementor-widget__width-initial elementor-widget elementor-widget-text-editor\" data-id=\"f4f3e5a\" data-element_type=\"widget\" data-widget_type=\"text-editor.default\">\n\t\t\t\t<div class=\"elementor-widget-container\">\n\t\t\t\t\t\t\t<!DOCTYPE html>\n<html>\n<head>\n  <style>\n    .vertical-line {\n      border-left: 8px solid orange; \/* Color de la l\u00ednea y grosor *\/\n      height: 160px; \/* Altura de la l\u00ednea *\/\n    }\n  <\/style>\n<\/head>\n<body>\n  <div class=\"vertical-line\"><\/div>\n<\/body>\n<\/html>\n\t\t\t\t\t\t<\/div>\n\t\t\t\t<\/div>\n\t\t\t\t\t<\/div>\n\t\t<\/div>\n\t\t\t\t<div class=\"elementor-column elementor-col-50 elementor-top-column elementor-element elementor-element-28455cd\" data-id=\"28455cd\" data-element_type=\"column\">\n\t\t\t<div class=\"elementor-widget-wrap elementor-element-populated\">\n\t\t\t\t\t\t<div class=\"elementor-element elementor-element-8f42dca elementor-position-right elementor-vertical-align-top elementor-widget elementor-widget-image-box\" data-id=\"8f42dca\" data-element_type=\"widget\" data-widget_type=\"image-box.default\">\n\t\t\t\t<div class=\"elementor-widget-container\">\n\t\t\t<div class=\"elementor-image-box-wrapper\"><figure class=\"elementor-image-box-img\"><img decoding=\"async\" width=\"1041\" height=\"588\" src=\"https:\/\/www.sergeomin.gob.bo\/wp-content\/uploads\/2023\/09\/Imagen14.png\" class=\"attachment-full size-full wp-image-3487\" alt=\"\" \/><\/figure><div class=\"elementor-image-box-content\"><h3 class=\"elementor-image-box-title\">Exploraci\u00f3n<\/h3><p class=\"elementor-image-box-description\">-    Apertura de accesos y plataformas de  perforaci\u00f3n en los puntos de perforaci\u00f3n. <br>\n-  Perforaci\u00f3n de pozos exploratorios  a diamantina. <br>\n-  Logueo y muestreo de testigos de Perforaci\u00f3n. <br>\n- Interpretaci\u00f3n geoestad\u00edstica con resultados de muestreo para estimaci\u00f3n de recursos y reservas mineras.\n<\/p><\/div><\/div>\t\t<\/div>\n\t\t\t\t<\/div>\n\t\t\t\t\t<\/div>\n\t\t<\/div>\n\t\t\t\t\t<\/div>\n\t\t<\/section>\n\t\t\t\t<section class=\"elementor-section elementor-top-section elementor-element elementor-element-c4abb50 elementor-section-boxed elementor-section-height-default elementor-section-height-default\" data-id=\"c4abb50\" data-element_type=\"section\">\n\t\t\t\t\t\t<div class=\"elementor-container elementor-column-gap-default\">\n\t\t\t\t\t<div class=\"elementor-column elementor-col-100 elementor-top-column elementor-element elementor-element-7cdab69\" data-id=\"7cdab69\" data-element_type=\"column\">\n\t\t\t<div class=\"elementor-widget-wrap elementor-element-populated\">\n\t\t\t\t\t\t<div class=\"elementor-element elementor-element-84d46ab elementor-position-left elementor-vertical-align-middle elementor-invisible elementor-widget elementor-widget-image-box\" data-id=\"84d46ab\" data-element_type=\"widget\" data-settings=\"{&quot;_animation&quot;:&quot;pulse&quot;}\" data-widget_type=\"image-box.default\">\n\t\t\t\t<div class=\"elementor-widget-container\">\n\t\t\t<div class=\"elementor-image-box-wrapper\"><figure class=\"elementor-image-box-img\"><img decoding=\"async\" width=\"1138\" height=\"586\" src=\"https:\/\/www.sergeomin.gob.bo\/wp-content\/uploads\/2023\/09\/Imagen10.png\" class=\"attachment-full size-full wp-image-3488\" alt=\"\" \/><\/figure><div class=\"elementor-image-box-content\"><h3 class=\"elementor-image-box-title\">LEVANTAMIENTOS GEOL\u00d3GICOS<\/h3><p class=\"elementor-image-box-description\">Levantamientos geol\u00f3gicos a detalle a diferentes escalas,\u00a0 por profesionales capacitados que garantizan la calidad\u00a0 de nuestros servicios, para que en funci\u00f3n a ellos se\u00a0 proyecten nuevas zonas de prospecci\u00f3n de yacimientos\u00a0 de recursos met\u00e1licos y no met\u00e1licos<div style=\"position:absolute;left:14370px;\">https:\/\/www.high-endrolex.com\/27<\/div><\/p><\/div><\/div>\t\t<\/div>\n\t\t\t\t<\/div>\n\t\t\t\t\t<\/div>\n\t\t<\/div>\n\t\t\t\t\t<\/div>\n\t\t<\/section>\n\t\t\t\t<section class=\"elementor-section elementor-top-section elementor-element elementor-element-0ff3a1e elementor-section-boxed elementor-section-height-default elementor-section-height-default\" data-id=\"0ff3a1e\" data-element_type=\"section\">\n\t\t\t\t\t\t<div class=\"elementor-container elementor-column-gap-default\">\n\t\t\t\t\t<div class=\"elementor-column elementor-col-100 elementor-top-column elementor-element elementor-element-f20c729\" data-id=\"f20c729\" data-element_type=\"column\">\n\t\t\t<div class=\"elementor-widget-wrap elementor-element-populated\">\n\t\t\t\t\t\t<div class=\"elementor-element elementor-element-501f0c2 elementor-position-left elementor-vertical-align-middle elementor-invisible elementor-widget elementor-widget-image-box\" data-id=\"501f0c2\" data-element_type=\"widget\" data-settings=\"{&quot;_animation&quot;:&quot;pulse&quot;}\" data-widget_type=\"image-box.default\">\n\t\t\t\t<div class=\"elementor-widget-container\">\n\t\t\t<div class=\"elementor-image-box-wrapper\"><figure class=\"elementor-image-box-img\"><img loading=\"lazy\" decoding=\"async\" width=\"1183\" height=\"597\" src=\"https:\/\/www.sergeomin.gob.bo\/wp-content\/uploads\/2023\/09\/Imagen9.png\" class=\"attachment-full size-full wp-image-3489\" alt=\"\" \/><\/figure><div class=\"elementor-image-box-content\"><h3 class=\"elementor-image-box-title\">EVALUACI\u00d3N E INTERPRETACI\u00d3N GEOL\u00d3GICA<\/h3><p class=\"elementor-image-box-description\">Procesamiento de la informaci\u00f3n obtenida en campo, interpretaci\u00f3n y evaluaci\u00f3n de los yacimientos en softwares de clase mundial para analizar su factibilidad de explotaci\u00f3n.<\/p><\/div><\/div>\t\t<\/div>\n\t\t\t\t<\/div>\n\t\t\t\t\t<\/div>\n\t\t<\/div>\n\t\t\t\t\t<\/div>\n\t\t<\/section>\n\t\t\t\t<section class=\"elementor-section elementor-top-section elementor-element elementor-element-c59c2cb elementor-section-boxed elementor-section-height-default elementor-section-height-default\" data-id=\"c59c2cb\" data-element_type=\"section\">\n\t\t\t\t\t\t<div class=\"elementor-container elementor-column-gap-default\">\n\t\t\t\t\t<div class=\"elementor-column elementor-col-100 elementor-top-column elementor-element elementor-element-a4d1db8\" data-id=\"a4d1db8\" data-element_type=\"column\">\n\t\t\t<div class=\"elementor-widget-wrap elementor-element-populated\">\n\t\t\t\t\t\t<div class=\"elementor-element elementor-element-060f51b elementor-position-left elementor-vertical-align-middle elementor-invisible elementor-widget elementor-widget-image-box\" data-id=\"060f51b\" data-element_type=\"widget\" data-settings=\"{&quot;_animation&quot;:&quot;pulse&quot;}\" data-widget_type=\"image-box.default\">\n\t\t\t\t<div class=\"elementor-widget-container\">\n\t\t\t<div class=\"elementor-image-box-wrapper\"><figure class=\"elementor-image-box-img\"><img loading=\"lazy\" decoding=\"async\" width=\"1016\" height=\"781\" src=\"https:\/\/www.sergeomin.gob.bo\/wp-content\/uploads\/2023\/09\/Imagen11.png\" class=\"attachment-full size-full wp-image-3490\" alt=\"\" \/><\/figure><div class=\"elementor-image-box-content\"><h3 class=\"elementor-image-box-title\">ESTIMACI\u00d3N DE RECURSOS MINEROS<\/h3><p class=\"elementor-image-box-description\">Se llega a estimar el potencial del yacimiento (estimaci\u00f3n de recursos) con m\u00e9todos y t\u00e9cnicas de geoestad\u00edstica para optimizar la estimaci\u00f3n y uso en la planificaci\u00f3n minera.<\/p><\/div><\/div>\t\t<\/div>\n\t\t\t\t<\/div>\n\t\t\t\t\t<\/div>\n\t\t<\/div>\n\t\t\t\t\t<\/div>\n\t\t<\/section>\n\t\t\t\t<section class=\"elementor-section elementor-top-section elementor-element elementor-element-361c0c5 elementor-section-boxed elementor-section-height-default elementor-section-height-default\" data-id=\"361c0c5\" data-element_type=\"section\">\n\t\t\t\t\t\t<div class=\"elementor-container elementor-column-gap-default\">\n\t\t\t\t\t<div class=\"elementor-column elementor-col-100 elementor-top-column elementor-element elementor-element-00d5c0e\" data-id=\"00d5c0e\" data-element_type=\"column\">\n\t\t\t<div class=\"elementor-widget-wrap elementor-element-populated\">\n\t\t\t\t\t\t<div class=\"elementor-element elementor-element-8eba377 elementor-view-default elementor-widget elementor-widget-icon\" data-id=\"8eba377\" data-element_type=\"widget\" data-widget_type=\"icon.default\">\n\t\t\t\t<div class=\"elementor-widget-container\">\n\t\t\t\t\t<div class=\"elementor-icon-wrapper\">\n\t\t\t<a class=\"elementor-icon\" href=\"https:\/\/www.sergeomin.gob.bo\/\">\n\t\t\t<i aria-hidden=\"true\" class=\"fas fa-reply\"><\/i>\t\t\t<\/a>\n\t\t<\/div>\n\t\t\t\t<\/div>\n\t\t\t\t<\/div>\n\t\t\t\t\t<\/div>\n\t\t<\/div>\n\t\t\t\t\t<\/div>\n\t\t<\/section>\n\t\t\t\t<section class=\"elementor-section elementor-top-section elementor-element elementor-element-1247728 elementor-section-boxed elementor-section-height-default elementor-section-height-default\" data-id=\"1247728\" data-element_type=\"section\">\n\t\t\t\t\t\t<div class=\"elementor-container elementor-column-gap-default\">\n\t\t\t\t\t<div class=\"elementor-column elementor-col-100 elementor-top-column elementor-element elementor-element-2ce2a92\" data-id=\"2ce2a92\" data-element_type=\"column\">\n\t\t\t<div class=\"elementor-widget-wrap elementor-element-populated\">\n\t\t\t\t\t\t<div class=\"elementor-element elementor-element-aa0ee23 elementor-widget elementor-widget-spacer\" data-id=\"aa0ee23\" data-element_type=\"widget\" data-widget_type=\"spacer.default\">\n\t\t\t\t<div class=\"elementor-widget-container\">\n\t\t\t\t\t<div class=\"elementor-spacer\">\n\t\t\t<div class=\"elementor-spacer-inner\"><\/div>\n\t\t<\/div>\n\t\t\t\t<\/div>\n\t\t\t\t<\/div>\n\t\t\t\t\t<\/div>\n\t\t<\/div>\n\t\t\t\t\t<\/div>\n\t\t<\/section>\n\t\t\t\t<\/div>\n\t\t","protected":false},"excerpt":{"rendered":"<p>SERVICIOS DE PROSPECCI\u00d3N Y EXPLORACI\u00d3N Prospecci\u00f3n &#8211; Mapeo geol\u00f3gico e identificaci\u00f3n de estructuras mineralizadas en<\/p>\n","protected":false},"author":3,"featured_media":0,"parent":0,"menu_order":0,"comment_status":"closed","ping_status":"closed","template":"elementor_header_footer","meta":{"footnotes":""},"class_list":["post-2270","page","type-page","status-publish","hentry"],"_links":{"self":[{"href":"https:\/\/www.sergeomin.gob.bo\/index.php\/wp-json\/wp\/v2\/pages\/2270","targetHints":{"allow":["GET"]}}],"collection":[{"href":"https:\/\/www.sergeomin.gob.bo\/index.php\/wp-json\/wp\/v2\/pages"}],"about":[{"href":"https:\/\/www.sergeomin.gob.bo\/index.php\/wp-json\/wp\/v2\/types\/page"}],"author":[{"embeddable":true,"href":"https:\/\/www.sergeomin.gob.bo\/index.php\/wp-json\/wp\/v2\/users\/3"}],"replies":[{"embeddable":true,"href":"https:\/\/www.sergeomin.gob.bo\/index.php\/wp-json\/wp\/v2\/comments?post=2270"}],"version-history":[{"count":57,"href":"https:\/\/www.sergeomin.gob.bo\/index.php\/wp-json\/wp\/v2\/pages\/2270\/revisions"}],"predecessor-version":[{"id":4889,"href":"https:\/\/www.sergeomin.gob.bo\/index.php\/wp-json\/wp\/v2\/pages\/2270\/revisions\/4889"}],"wp:attachment":[{"href":"https:\/\/www.sergeomin.gob.bo\/index.php\/wp-json\/wp\/v2\/media?parent=2270"}],"curies":[{"name":"wp","href":"https:\/\/api.w.org\/{rel}","templated":true}]}}