{"id":2413,"date":"2023-06-30T02:15:54","date_gmt":"2023-06-30T02:15:54","guid":{"rendered":"http:\/\/www.sergeomin.gob.bo\/?page_id=2413"},"modified":"2025-07-23T20:13:31","modified_gmt":"2025-07-23T20:13:31","slug":"carta-geologica","status":"publish","type":"page","link":"https:\/\/www.sergeomin.gob.bo\/index.php\/carta-geologica\/","title":{"rendered":"CARTA GEOL\u00d3GICA"},"content":{"rendered":"\t\t<div data-elementor-type=\"wp-page\" data-elementor-id=\"2413\" class=\"elementor elementor-2413\">\n\t\t\t\t\t\t<section class=\"elementor-section elementor-top-section elementor-element elementor-element-2ba817d elementor-section-boxed elementor-section-height-default elementor-section-height-default\" data-id=\"2ba817d\" data-element_type=\"section\">\n\t\t\t\t\t\t<div class=\"elementor-container elementor-column-gap-default\">\n\t\t\t\t\t<div class=\"elementor-column elementor-col-100 elementor-top-column elementor-element elementor-element-986ce19\" data-id=\"986ce19\" data-element_type=\"column\">\n\t\t\t<div class=\"elementor-widget-wrap elementor-element-populated\">\n\t\t\t\t\t\t<div class=\"elementor-element elementor-element-b67feb5 elementor-widget elementor-widget-heading\" data-id=\"b67feb5\" data-element_type=\"widget\" data-widget_type=\"heading.default\">\n\t\t\t\t<div class=\"elementor-widget-container\">\n\t\t\t<h2 class=\"elementor-heading-title elementor-size-default\">SERVICIOS DE  LA CARTA GEOL\u00d3GICA<\/h2>\t\t<\/div>\n\t\t\t\t<\/div>\n\t\t\t\t\t<\/div>\n\t\t<\/div>\n\t\t\t\t\t<\/div>\n\t\t<\/section>\n\t\t\t\t<section class=\"elementor-section elementor-top-section elementor-element elementor-element-aad3419 elementor-section-boxed elementor-section-height-default elementor-section-height-default\" data-id=\"aad3419\" data-element_type=\"section\">\n\t\t\t\t\t\t<div class=\"elementor-container elementor-column-gap-default\">\n\t\t\t\t\t<div class=\"elementor-column elementor-col-50 elementor-top-column elementor-element elementor-element-6fd8d62\" data-id=\"6fd8d62\" data-element_type=\"column\">\n\t\t\t<div class=\"elementor-widget-wrap elementor-element-populated\">\n\t\t\t\t\t\t<div class=\"elementor-element elementor-element-079d578 elementor-widget__width-initial elementor-widget elementor-widget-text-editor\" data-id=\"079d578\" data-element_type=\"widget\" data-widget_type=\"text-editor.default\">\n\t\t\t\t<div class=\"elementor-widget-container\">\n\t\t\t\t\t\t\t<!DOCTYPE html>\n<html>\n<head>\n  <style>\n    .vertical-line {\n      border-left: 8px solid orange; \/* Color de la l\u00ednea y grosor *\/\n      height: 140px; \/* Altura de la l\u00ednea *\/\n    }\n  <\/style>\n<\/head>\n<body>\n  <div class=\"vertical-line\"><\/div>\n<\/body>\n<\/html>\n\t\t\t\t\t\t<\/div>\n\t\t\t\t<\/div>\n\t\t\t\t\t<\/div>\n\t\t<\/div>\n\t\t\t\t<div class=\"elementor-column elementor-col-50 elementor-top-column elementor-element elementor-element-a5d9d59\" data-id=\"a5d9d59\" data-element_type=\"column\">\n\t\t\t<div class=\"elementor-widget-wrap elementor-element-populated\">\n\t\t\t\t\t\t<div class=\"elementor-element elementor-element-8b77ae5 elementor-position-right elementor-vertical-align-top elementor-widget elementor-widget-image-box\" data-id=\"8b77ae5\" data-element_type=\"widget\" data-widget_type=\"image-box.default\">\n\t\t\t\t<div class=\"elementor-widget-container\">\n\t\t\t<div class=\"elementor-image-box-wrapper\"><figure class=\"elementor-image-box-img\"><a href=\"https:\/\/www.sergeomin.gob.bo\/index.php\/2025\/07\/22\/carta-geologica\/\" target=\"_blank\" tabindex=\"-1\"><img fetchpriority=\"high\" decoding=\"async\" width=\"844\" height=\"761\" src=\"https:\/\/www.sergeomin.gob.bo\/wp-content\/uploads\/2025\/07\/PORTADA.jpg\" class=\"attachment-full size-full wp-image-5565\" alt=\"\" srcset=\"https:\/\/www.sergeomin.gob.bo\/wp-content\/uploads\/2025\/07\/PORTADA.jpg 844w, https:\/\/www.sergeomin.gob.bo\/wp-content\/uploads\/2025\/07\/PORTADA-300x270.jpg 300w, https:\/\/www.sergeomin.gob.bo\/wp-content\/uploads\/2025\/07\/PORTADA-768x692.jpg 768w\" sizes=\"(max-width: 844px) 100vw, 844px\" \/><\/a><\/figure><div class=\"elementor-image-box-content\"><h3 class=\"elementor-image-box-title\"><a href=\"https:\/\/www.sergeomin.gob.bo\/index.php\/2025\/07\/22\/carta-geologica\/\" target=\"_blank\">Carta Geol\u00f3gica<\/a><\/h3><p class=\"elementor-image-box-description\"> La Unidad de Geolog\u00eda Regional del Servicio Geol\u00f3gico Minero SERTEOMIN, tiene como objetivo principal elaborar la Carta Geol\u00f3gica en todo el Territorio Nacional, basado en el Art\u00edculo 80 Inciso \u201ca\u201d de la Ley de Miner\u00eda y Metalurgia N\u00b0535, promulgada en Mayo de 2004, donde se confiere a SERGEOMIN la atribuci\u00f3n de elaborar, actualizar y publicar la Carta Geogr\u00e1fica Nacional.<\/p><\/div><\/div>\t\t<\/div>\n\t\t\t\t<\/div>\n\t\t\t\t\t<\/div>\n\t\t<\/div>\n\t\t\t\t\t<\/div>\n\t\t<\/section>\n\t\t\t\t<section class=\"elementor-section elementor-top-section elementor-element elementor-element-b80bcfc elementor-section-boxed elementor-section-height-default elementor-section-height-default\" data-id=\"b80bcfc\" data-element_type=\"section\">\n\t\t\t\t\t\t<div class=\"elementor-container elementor-column-gap-default\">\n\t\t\t\t\t<div class=\"elementor-column elementor-col-100 elementor-top-column elementor-element elementor-element-620c228\" data-id=\"620c228\" data-element_type=\"column\">\n\t\t\t<div class=\"elementor-widget-wrap elementor-element-populated\">\n\t\t\t\t\t\t<div class=\"elementor-element elementor-element-aea0ddb elementor-view-default elementor-widget elementor-widget-icon\" data-id=\"aea0ddb\" data-element_type=\"widget\" data-widget_type=\"icon.default\">\n\t\t\t\t<div class=\"elementor-widget-container\">\n\t\t\t\t\t<div class=\"elementor-icon-wrapper\">\n\t\t\t<a class=\"elementor-icon\" href=\"https:\/\/www.sergeomin.gob.bo\/\">\n\t\t\t<i aria-hidden=\"true\" class=\"fas fa-reply\"><\/i>\t\t\t<\/a>\n\t\t<\/div>\n\t\t\t\t<\/div>\n\t\t\t\t<\/div>\n\t\t\t\t\t<\/div>\n\t\t<\/div>\n\t\t\t\t\t<\/div>\n\t\t<\/section>\n\t\t\t\t<section class=\"elementor-section elementor-top-section elementor-element elementor-element-fb40d0d elementor-section-boxed elementor-section-height-default elementor-section-height-default\" data-id=\"fb40d0d\" data-element_type=\"section\">\n\t\t\t\t\t\t<div class=\"elementor-container elementor-column-gap-default\">\n\t\t\t\t\t<div class=\"elementor-column elementor-col-100 elementor-top-column elementor-element elementor-element-1802903\" data-id=\"1802903\" data-element_type=\"column\">\n\t\t\t<div class=\"elementor-widget-wrap elementor-element-populated\">\n\t\t\t\t\t\t<div class=\"elementor-element elementor-element-bb756d1 elementor-widget elementor-widget-spacer\" data-id=\"bb756d1\" data-element_type=\"widget\" data-widget_type=\"spacer.default\">\n\t\t\t\t<div class=\"elementor-widget-container\">\n\t\t\t\t\t<div class=\"elementor-spacer\">\n\t\t\t<div class=\"elementor-spacer-inner\"><\/div>\n\t\t<\/div>\n\t\t\t\t<\/div>\n\t\t\t\t<\/div>\n\t\t\t\t\t<\/div>\n\t\t<\/div>\n\t\t\t\t\t<\/div>\n\t\t<\/section>\n\t\t\t\t<\/div>\n\t\t","protected":false},"excerpt":{"rendered":"<p>SERVICIOS DE LA CARTA GEOL\u00d3GICA Carta Geol\u00f3gica La Unidad de Geolog\u00eda Regional del Servicio Geol\u00f3gico<\/p>\n","protected":false},"author":3,"featured_media":0,"parent":0,"menu_order":0,"comment_status":"closed","ping_status":"closed","template":"elementor_header_footer","meta":{"footnotes":""},"class_list":["post-2413","page","type-page","status-publish","hentry"],"_links":{"self":[{"href":"https:\/\/www.sergeomin.gob.bo\/index.php\/wp-json\/wp\/v2\/pages\/2413","targetHints":{"allow":["GET"]}}],"collection":[{"href":"https:\/\/www.sergeomin.gob.bo\/index.php\/wp-json\/wp\/v2\/pages"}],"about":[{"href":"https:\/\/www.sergeomin.gob.bo\/index.php\/wp-json\/wp\/v2\/types\/page"}],"author":[{"embeddable":true,"href":"https:\/\/www.sergeomin.gob.bo\/index.php\/wp-json\/wp\/v2\/users\/3"}],"replies":[{"embeddable":true,"href":"https:\/\/www.sergeomin.gob.bo\/index.php\/wp-json\/wp\/v2\/comments?post=2413"}],"version-history":[{"count":19,"href":"https:\/\/www.sergeomin.gob.bo\/index.php\/wp-json\/wp\/v2\/pages\/2413\/revisions"}],"predecessor-version":[{"id":5697,"href":"https:\/\/www.sergeomin.gob.bo\/index.php\/wp-json\/wp\/v2\/pages\/2413\/revisions\/5697"}],"wp:attachment":[{"href":"https:\/\/www.sergeomin.gob.bo\/index.php\/wp-json\/wp\/v2\/media?parent=2413"}],"curies":[{"name":"wp","href":"https:\/\/api.w.org\/{rel}","templated":true}]}}