{"id":4104,"date":"2023-09-21T19:17:30","date_gmt":"2023-09-21T19:17:30","guid":{"rendered":"http:\/\/www.sergeomin.gob.bo\/?page_id=4104"},"modified":"2024-04-08T22:40:46","modified_gmt":"2024-04-08T22:40:46","slug":"centro-documental","status":"publish","type":"page","link":"https:\/\/www.sergeomin.gob.bo\/index.php\/centro-documental\/","title":{"rendered":"CENTRO DOCUMENTAL"},"content":{"rendered":"\t\t<div data-elementor-type=\"wp-page\" data-elementor-id=\"4104\" class=\"elementor elementor-4104\">\n\t\t\t\t\t\t<section class=\"elementor-section elementor-top-section elementor-element elementor-element-2587162 elementor-section-boxed elementor-section-height-default elementor-section-height-default\" data-id=\"2587162\" data-element_type=\"section\">\n\t\t\t\t\t\t<div class=\"elementor-container elementor-column-gap-default\">\n\t\t\t\t\t<div class=\"elementor-column elementor-col-100 elementor-top-column elementor-element elementor-element-78d9692\" data-id=\"78d9692\" data-element_type=\"column\">\n\t\t\t<div class=\"elementor-widget-wrap elementor-element-populated\">\n\t\t\t\t\t\t<div class=\"elementor-element elementor-element-3e8de46 elementor-widget elementor-widget-heading\" data-id=\"3e8de46\" data-element_type=\"widget\" data-widget_type=\"heading.default\">\n\t\t\t\t<div class=\"elementor-widget-container\">\n\t\t\t<h1 class=\"elementor-heading-title elementor-size-default\">CENTRO   DE   DOCUMENTACI\u00d3N \n\u201cDR. BERTHRAND E. FRANK HEUSCHMIDT\u201d<\/h1>\t\t<\/div>\n\t\t\t\t<\/div>\n\t\t\t\t<div class=\"elementor-element elementor-element-a7ffdc2 elementor-widget elementor-widget-spacer\" data-id=\"a7ffdc2\" data-element_type=\"widget\" data-widget_type=\"spacer.default\">\n\t\t\t\t<div class=\"elementor-widget-container\">\n\t\t\t\t\t<div class=\"elementor-spacer\">\n\t\t\t<div class=\"elementor-spacer-inner\"><\/div>\n\t\t<\/div>\n\t\t\t\t<\/div>\n\t\t\t\t<\/div>\n\t\t\t\t\t<\/div>\n\t\t<\/div>\n\t\t\t\t\t<\/div>\n\t\t<\/section>\n\t\t\t\t<section class=\"elementor-section elementor-top-section elementor-element elementor-element-f6ceb47 elementor-section-boxed elementor-section-height-default elementor-section-height-default\" data-id=\"f6ceb47\" data-element_type=\"section\">\n\t\t\t\t\t\t<div class=\"elementor-container elementor-column-gap-default\">\n\t\t\t\t\t<div class=\"elementor-column elementor-col-50 elementor-top-column elementor-element elementor-element-f6aa5f7\" data-id=\"f6aa5f7\" data-element_type=\"column\">\n\t\t\t<div class=\"elementor-widget-wrap elementor-element-populated\">\n\t\t\t\t\t\t<div class=\"elementor-element elementor-element-e00b23c elementor-widget__width-initial elementor-widget elementor-widget-text-editor\" data-id=\"e00b23c\" data-element_type=\"widget\" data-widget_type=\"text-editor.default\">\n\t\t\t\t<div class=\"elementor-widget-container\">\n\t\t\t\t\t\t\t<!DOCTYPE html>\n<html>\n<head>\n  <style>\n    .vertical-line {\n      border-left: 8px solid orange; \/* Color de la l\u00ednea y grosor *\/\n      height: 300px; \/* Altura de la l\u00ednea *\/\n    }\n  <\/style>\n<\/head>\n<body>\n  <div class=\"vertical-line\"><\/div>\n<\/body>\n<\/html>\n\t\t\t\t\t\t<\/div>\n\t\t\t\t<\/div>\n\t\t\t\t\t<\/div>\n\t\t<\/div>\n\t\t\t\t<div class=\"elementor-column elementor-col-50 elementor-top-column elementor-element elementor-element-e1e139e\" data-id=\"e1e139e\" data-element_type=\"column\" data-settings=\"{&quot;background_background&quot;:&quot;classic&quot;}\">\n\t\t\t<div class=\"elementor-widget-wrap elementor-element-populated\">\n\t\t\t\t\t<div class=\"elementor-background-overlay\"><\/div>\n\t\t\t\t\t\t<div class=\"elementor-element elementor-element-f48a43e elementor-widget elementor-widget-heading\" data-id=\"f48a43e\" data-element_type=\"widget\" data-widget_type=\"heading.default\">\n\t\t\t\t<div class=\"elementor-widget-container\">\n\t\t\t<h3 class=\"elementor-heading-title elementor-size-default\">BIBLIOTECA ESPECIALIZADA EN GEOLOG\u00cdA Y MINER\u00cdA DE BOLIVIA \n<\/h3>\t\t<\/div>\n\t\t\t\t<\/div>\n\t\t\t\t<div class=\"elementor-element elementor-element-6a1d8cf elementor-widget elementor-widget-text-editor\" data-id=\"6a1d8cf\" data-element_type=\"widget\" data-widget_type=\"text-editor.default\">\n\t\t\t\t<div class=\"elementor-widget-container\">\n\t\t\t\t\t\t\t<p>El centro de documentaci\u00f3n \u201cDr. Berthrand E. Frank Heuschmidt\u201d del Servicio Geol\u00f3gico Minero (SERGEOMIN) pone a disposici\u00f3n una biblioteca especializada en geolog\u00eda y miner\u00eda de Bolivia con m\u00e1s de 10 mil informes t\u00e9cnicos especializados, 10.500 mapas y 61 mil fotograf\u00edas a\u00e9reas del territorio boliviano.<\/p>\t\t\t\t\t\t<\/div>\n\t\t\t\t<\/div>\n\t\t\t\t\t<\/div>\n\t\t<\/div>\n\t\t\t\t\t<\/div>\n\t\t<\/section>\n\t\t\t\t<section class=\"elementor-section elementor-top-section elementor-element elementor-element-bed8d35 elementor-section-boxed elementor-section-height-default elementor-section-height-default\" data-id=\"bed8d35\" data-element_type=\"section\">\n\t\t\t\t\t\t<div class=\"elementor-container elementor-column-gap-default\">\n\t\t\t\t\t<div class=\"elementor-column elementor-col-100 elementor-top-column elementor-element elementor-element-aa1c748\" data-id=\"aa1c748\" data-element_type=\"column\">\n\t\t\t<div class=\"elementor-widget-wrap elementor-element-populated\">\n\t\t\t\t\t\t<div class=\"elementor-element elementor-element-a54e271 elementor-widget elementor-widget-spacer\" data-id=\"a54e271\" data-element_type=\"widget\" data-widget_type=\"spacer.default\">\n\t\t\t\t<div class=\"elementor-widget-container\">\n\t\t\t\t\t<div class=\"elementor-spacer\">\n\t\t\t<div class=\"elementor-spacer-inner\"><\/div>\n\t\t<\/div>\n\t\t\t\t<\/div>\n\t\t\t\t<\/div>\n\t\t\t\t\t<\/div>\n\t\t<\/div>\n\t\t\t\t\t<\/div>\n\t\t<\/section>\n\t\t\t\t<section class=\"elementor-section elementor-top-section elementor-element elementor-element-3b25e58 elementor-section-boxed elementor-section-height-default elementor-section-height-default\" data-id=\"3b25e58\" data-element_type=\"section\">\n\t\t\t\t\t\t<div class=\"elementor-container elementor-column-gap-default\">\n\t\t\t\t\t<div class=\"elementor-column elementor-col-50 elementor-top-column elementor-element elementor-element-be28147\" data-id=\"be28147\" data-element_type=\"column\" data-settings=\"{&quot;background_background&quot;:&quot;classic&quot;}\">\n\t\t\t<div class=\"elementor-widget-wrap elementor-element-populated\">\n\t\t\t\t\t\t<div class=\"elementor-element elementor-element-218ca41 elementor-widget elementor-widget-heading\" data-id=\"218ca41\" data-element_type=\"widget\" data-widget_type=\"heading.default\">\n\t\t\t\t<div class=\"elementor-widget-container\">\n\t\t\t<h3 class=\"elementor-heading-title elementor-size-default\">MATERIAL CON EL QUE CUENTA LA BIBLIOTECA<\/h3>\t\t<\/div>\n\t\t\t\t<\/div>\n\t\t\t\t<div class=\"elementor-element elementor-element-2804edc elementor-widget elementor-widget-text-editor\" data-id=\"2804edc\" data-element_type=\"widget\" data-widget_type=\"text-editor.default\">\n\t\t\t\t<div class=\"elementor-widget-container\">\n\t\t\t\t\t\t\t<p>Informes geocient\u00edficos en temas de Geolog\u00eda, Miner\u00eda Hidrogeolog\u00eda, Riesgos y Metalurgia, entre otros, realizados desde la creaci\u00f3n de la instituci\u00f3n hasta el presente, con alrededor de 10.000 informes agrupados en 68 colecciones especializadas en temas espec\u00edficos.<\/p><p>.<\/p>\t\t\t\t\t\t<\/div>\n\t\t\t\t<\/div>\n\t\t\t\t\t<\/div>\n\t\t<\/div>\n\t\t\t\t<div class=\"elementor-column elementor-col-50 elementor-top-column elementor-element elementor-element-c6b66ba\" data-id=\"c6b66ba\" data-element_type=\"column\">\n\t\t\t<div class=\"elementor-widget-wrap elementor-element-populated\">\n\t\t\t\t\t\t<div class=\"elementor-element elementor-element-d745f17 elementor-widget elementor-widget-image\" data-id=\"d745f17\" data-element_type=\"widget\" data-widget_type=\"image.default\">\n\t\t\t\t<div class=\"elementor-widget-container\">\n\t\t\t\t\t\t\t\t\t\t\t\t\t<img fetchpriority=\"high\" decoding=\"async\" width=\"640\" height=\"338\" src=\"https:\/\/www.sergeomin.gob.bo\/wp-content\/uploads\/2023\/09\/2-1024x540.webp\" class=\"attachment-large size-large wp-image-4108\" alt=\"\" srcset=\"https:\/\/www.sergeomin.gob.bo\/wp-content\/uploads\/2023\/09\/2-1024x540.webp 1024w, https:\/\/www.sergeomin.gob.bo\/wp-content\/uploads\/2023\/09\/2-300x158.webp 300w, https:\/\/www.sergeomin.gob.bo\/wp-content\/uploads\/2023\/09\/2-768x405.webp 768w, https:\/\/www.sergeomin.gob.bo\/wp-content\/uploads\/2023\/09\/2.webp 1159w\" sizes=\"(max-width: 640px) 100vw, 640px\" \/>\t\t\t\t\t\t\t\t\t\t\t\t\t<\/div>\n\t\t\t\t<\/div>\n\t\t\t\t\t<\/div>\n\t\t<\/div>\n\t\t\t\t\t<\/div>\n\t\t<\/section>\n\t\t\t\t<section class=\"elementor-section elementor-top-section elementor-element elementor-element-9fc3f6b elementor-section-boxed elementor-section-height-default elementor-section-height-default\" data-id=\"9fc3f6b\" data-element_type=\"section\">\n\t\t\t\t\t\t<div class=\"elementor-container elementor-column-gap-default\">\n\t\t\t\t\t<div class=\"elementor-column elementor-col-100 elementor-top-column elementor-element elementor-element-80efe5e\" data-id=\"80efe5e\" data-element_type=\"column\">\n\t\t\t<div class=\"elementor-widget-wrap elementor-element-populated\">\n\t\t\t\t\t\t<div class=\"elementor-element elementor-element-1bd5b24 elementor-widget elementor-widget-html\" data-id=\"1bd5b24\" data-element_type=\"widget\" data-widget_type=\"html.default\">\n\t\t\t\t<div class=\"elementor-widget-container\">\n\t\t\t<iframe src=\"http:\/\/sgm.sergeomin.gob.bo\/Biblioteca\/\" name=\"CENTRO DOCUMENTAL\" scrolling=\"auto\" width=\"50%\" height=\"50%\" style=\"border: solid #000000;\"><\/iframe>\t\t<\/div>\n\t\t\t\t<\/div>\n\t\t\t\t\t<\/div>\n\t\t<\/div>\n\t\t\t\t\t<\/div>\n\t\t<\/section>\n\t\t\t\t<section class=\"elementor-section elementor-top-section elementor-element elementor-element-11e1456 elementor-section-boxed elementor-section-height-default elementor-section-height-default\" data-id=\"11e1456\" data-element_type=\"section\">\n\t\t\t\t\t\t<div class=\"elementor-container elementor-column-gap-default\">\n\t\t\t\t\t<div class=\"elementor-column elementor-col-50 elementor-top-column elementor-element elementor-element-ee17a68\" data-id=\"ee17a68\" data-element_type=\"column\">\n\t\t\t<div class=\"elementor-widget-wrap elementor-element-populated\">\n\t\t\t\t\t\t<div class=\"elementor-element elementor-element-960502c elementor-widget elementor-widget-image\" data-id=\"960502c\" data-element_type=\"widget\" data-widget_type=\"image.default\">\n\t\t\t\t<div class=\"elementor-widget-container\">\n\t\t\t\t\t\t\t\t\t\t\t\t\t<img decoding=\"async\" width=\"640\" height=\"458\" src=\"https:\/\/www.sergeomin.gob.bo\/wp-content\/uploads\/2023\/09\/1.2-1024x732.webp\" class=\"attachment-large size-large wp-image-4107\" alt=\"\" srcset=\"https:\/\/www.sergeomin.gob.bo\/wp-content\/uploads\/2023\/09\/1.2-1024x732.webp 1024w, https:\/\/www.sergeomin.gob.bo\/wp-content\/uploads\/2023\/09\/1.2-300x215.webp 300w, https:\/\/www.sergeomin.gob.bo\/wp-content\/uploads\/2023\/09\/1.2-768x549.webp 768w, https:\/\/www.sergeomin.gob.bo\/wp-content\/uploads\/2023\/09\/1.2-1536x1098.webp 1536w, https:\/\/www.sergeomin.gob.bo\/wp-content\/uploads\/2023\/09\/1.2-2048x1465.webp 2048w\" sizes=\"(max-width: 640px) 100vw, 640px\" \/>\t\t\t\t\t\t\t\t\t\t\t\t\t<\/div>\n\t\t\t\t<\/div>\n\t\t\t\t\t<\/div>\n\t\t<\/div>\n\t\t\t\t<div class=\"elementor-column elementor-col-50 elementor-top-column elementor-element elementor-element-737a75c\" data-id=\"737a75c\" data-element_type=\"column\" data-settings=\"{&quot;background_background&quot;:&quot;classic&quot;}\">\n\t\t\t<div class=\"elementor-widget-wrap elementor-element-populated\">\n\t\t\t\t\t\t<div class=\"elementor-element elementor-element-1bf727a elementor-widget elementor-widget-heading\" data-id=\"1bf727a\" data-element_type=\"widget\" data-widget_type=\"heading.default\">\n\t\t\t\t<div class=\"elementor-widget-container\">\n\t\t\t<h2 class=\"elementor-heading-title elementor-size-default\">MAPOTECA <\/h2>\t\t<\/div>\n\t\t\t\t<\/div>\n\t\t\t\t<div class=\"elementor-element elementor-element-4444283 elementor-widget elementor-widget-text-editor\" data-id=\"4444283\" data-element_type=\"widget\" data-widget_type=\"text-editor.default\">\n\t\t\t\t<div class=\"elementor-widget-container\">\n\t\t\t\t\t\t\t<p>La mapoteca cuenta con una colecci\u00f3n de mapas topogr\u00e1ficos, geol\u00f3gicos, geof\u00edsicos, geoqu\u00edmicos, tem\u00e1ticos y de infraestructuras. Esta biblioteca especializada, contiene informes geocient\u00edficos en temas de geolog\u00eda, miner\u00eda, hidrogeolog\u00eda, riesgos, metalurgia y otros; realizados desde la creaci\u00f3n de la instituci\u00f3n hasta el presente, principalmente cartas geol\u00f3gicas en 2 escalas 1:250.000 y 1:100.000.<\/p><ul><li>Colecciones de revistas e informes especializados como ser: Economic, Geology United States Bureau Of Mines entre otros.<\/li><li>Biblioteca general o complementaria que incluye libros, revistas, atlas y mapas relacionados a la ciencia de la tierra.<\/li><\/ul>\t\t\t\t\t\t<\/div>\n\t\t\t\t<\/div>\n\t\t\t\t\t<\/div>\n\t\t<\/div>\n\t\t\t\t\t<\/div>\n\t\t<\/section>\n\t\t\t\t<section class=\"elementor-section elementor-top-section elementor-element elementor-element-8e67be0 elementor-section-boxed elementor-section-height-default elementor-section-height-default\" data-id=\"8e67be0\" data-element_type=\"section\">\n\t\t\t\t\t\t<div class=\"elementor-container elementor-column-gap-default\">\n\t\t\t\t\t<div class=\"elementor-column elementor-col-50 elementor-top-column elementor-element elementor-element-82f7069\" data-id=\"82f7069\" data-element_type=\"column\" data-settings=\"{&quot;background_background&quot;:&quot;classic&quot;}\">\n\t\t\t<div class=\"elementor-widget-wrap elementor-element-populated\">\n\t\t\t\t\t\t<div class=\"elementor-element elementor-element-0770d07 elementor-widget elementor-widget-heading\" data-id=\"0770d07\" data-element_type=\"widget\" data-widget_type=\"heading.default\">\n\t\t\t\t<div class=\"elementor-widget-container\">\n\t\t\t<h2 class=\"elementor-heading-title elementor-size-default\">CENTROS DOCUMENTALES Y BIBLIOTECAS EN TODAS LAS REGIONALES <\/h2>\t\t<\/div>\n\t\t\t\t<\/div>\n\t\t\t\t<div class=\"elementor-element elementor-element-9603338 elementor-widget elementor-widget-text-editor\" data-id=\"9603338\" data-element_type=\"widget\" data-widget_type=\"text-editor.default\">\n\t\t\t\t<div class=\"elementor-widget-container\">\n\t\t\t\t\t\t\t<p>Tambi\u00e9n se cuenta con libros, revistas, atlas boletines especiales y mapas relacionados a las ciencias de la tierra, a disposici\u00f3n del p\u00fablico en general en horarios de oficina, para consulta en sala y\/o venta de los productos que son de autor\u00eda propia de la instituci\u00f3n.<\/p>\t\t\t\t\t\t<\/div>\n\t\t\t\t<\/div>\n\t\t\t\t\t<\/div>\n\t\t<\/div>\n\t\t\t\t<div class=\"elementor-column elementor-col-50 elementor-top-column elementor-element elementor-element-d910393\" data-id=\"d910393\" data-element_type=\"column\">\n\t\t\t<div class=\"elementor-widget-wrap elementor-element-populated\">\n\t\t\t\t\t\t<div class=\"elementor-element elementor-element-fab060d elementor-widget elementor-widget-image\" data-id=\"fab060d\" data-element_type=\"widget\" data-widget_type=\"image.default\">\n\t\t\t\t<div class=\"elementor-widget-container\">\n\t\t\t\t\t\t\t\t\t\t\t\t\t<img decoding=\"async\" width=\"640\" height=\"427\" src=\"https:\/\/www.sergeomin.gob.bo\/wp-content\/uploads\/2023\/09\/DSC_5382-1024x683.webp\" class=\"attachment-large size-large wp-image-4105\" alt=\"\" srcset=\"https:\/\/www.sergeomin.gob.bo\/wp-content\/uploads\/2023\/09\/DSC_5382-1024x683.webp 1024w, https:\/\/www.sergeomin.gob.bo\/wp-content\/uploads\/2023\/09\/DSC_5382-300x200.webp 300w, https:\/\/www.sergeomin.gob.bo\/wp-content\/uploads\/2023\/09\/DSC_5382-768x512.webp 768w, https:\/\/www.sergeomin.gob.bo\/wp-content\/uploads\/2023\/09\/DSC_5382-1536x1025.webp 1536w, https:\/\/www.sergeomin.gob.bo\/wp-content\/uploads\/2023\/09\/DSC_5382-2048x1367.webp 2048w\" sizes=\"(max-width: 640px) 100vw, 640px\" \/>\t\t\t\t\t\t\t\t\t\t\t\t\t<\/div>\n\t\t\t\t<\/div>\n\t\t\t\t\t<\/div>\n\t\t<\/div>\n\t\t\t\t\t<\/div>\n\t\t<\/section>\n\t\t\t\t<section class=\"elementor-section elementor-top-section elementor-element elementor-element-b788366 elementor-section-boxed elementor-section-height-default elementor-section-height-default\" data-id=\"b788366\" data-element_type=\"section\">\n\t\t\t\t\t\t<div class=\"elementor-container elementor-column-gap-default\">\n\t\t\t\t\t<div class=\"elementor-column elementor-col-100 elementor-top-column elementor-element elementor-element-db008ef\" data-id=\"db008ef\" data-element_type=\"column\">\n\t\t\t<div class=\"elementor-widget-wrap\">\n\t\t\t\t\t\t\t<\/div>\n\t\t<\/div>\n\t\t\t\t\t<\/div>\n\t\t<\/section>\n\t\t\t\t<section class=\"elementor-section elementor-top-section elementor-element elementor-element-7e44f4c elementor-section-boxed elementor-section-height-default elementor-section-height-default\" data-id=\"7e44f4c\" data-element_type=\"section\">\n\t\t\t\t\t\t<div class=\"elementor-container elementor-column-gap-default\">\n\t\t\t\t\t<div class=\"elementor-column elementor-col-100 elementor-top-column elementor-element elementor-element-406630d\" data-id=\"406630d\" data-element_type=\"column\">\n\t\t\t<div class=\"elementor-widget-wrap elementor-element-populated\">\n\t\t\t\t\t\t<div class=\"elementor-element elementor-element-9c43bca elementor-view-default elementor-widget elementor-widget-icon\" data-id=\"9c43bca\" data-element_type=\"widget\" data-widget_type=\"icon.default\">\n\t\t\t\t<div class=\"elementor-widget-container\">\n\t\t\t\t\t<div class=\"elementor-icon-wrapper\">\n\t\t\t<a class=\"elementor-icon\" href=\"https:\/\/www.sergeomin.gob.bo\/\">\n\t\t\t<i aria-hidden=\"true\" class=\"fas fa-reply\"><\/i>\t\t\t<\/a>\n\t\t<\/div>\n\t\t\t\t<\/div>\n\t\t\t\t<\/div>\n\t\t\t\t<div class=\"elementor-element elementor-element-a5ec962 elementor-widget elementor-widget-spacer\" data-id=\"a5ec962\" data-element_type=\"widget\" data-widget_type=\"spacer.default\">\n\t\t\t\t<div class=\"elementor-widget-container\">\n\t\t\t\t\t<div class=\"elementor-spacer\">\n\t\t\t<div class=\"elementor-spacer-inner\"><\/div>\n\t\t<\/div>\n\t\t\t\t<\/div>\n\t\t\t\t<\/div>\n\t\t\t\t\t<\/div>\n\t\t<\/div>\n\t\t\t\t\t<\/div>\n\t\t<\/section>\n\t\t\t\t<\/div>\n\t\t","protected":false},"excerpt":{"rendered":"<p>CENTRO DE DOCUMENTACI\u00d3N \u201cDR. BERTHRAND E. FRANK HEUSCHMIDT\u201d BIBLIOTECA ESPECIALIZADA EN GEOLOG\u00cdA Y MINER\u00cdA DE<\/p>\n","protected":false},"author":3,"featured_media":0,"parent":0,"menu_order":0,"comment_status":"closed","ping_status":"closed","template":"elementor_header_footer","meta":{"footnotes":""},"class_list":["post-4104","page","type-page","status-publish","hentry"],"_links":{"self":[{"href":"https:\/\/www.sergeomin.gob.bo\/index.php\/wp-json\/wp\/v2\/pages\/4104","targetHints":{"allow":["GET"]}}],"collection":[{"href":"https:\/\/www.sergeomin.gob.bo\/index.php\/wp-json\/wp\/v2\/pages"}],"about":[{"href":"https:\/\/www.sergeomin.gob.bo\/index.php\/wp-json\/wp\/v2\/types\/page"}],"author":[{"embeddable":true,"href":"https:\/\/www.sergeomin.gob.bo\/index.php\/wp-json\/wp\/v2\/users\/3"}],"replies":[{"embeddable":true,"href":"https:\/\/www.sergeomin.gob.bo\/index.php\/wp-json\/wp\/v2\/comments?post=4104"}],"version-history":[{"count":52,"href":"https:\/\/www.sergeomin.gob.bo\/index.php\/wp-json\/wp\/v2\/pages\/4104\/revisions"}],"predecessor-version":[{"id":4859,"href":"https:\/\/www.sergeomin.gob.bo\/index.php\/wp-json\/wp\/v2\/pages\/4104\/revisions\/4859"}],"wp:attachment":[{"href":"https:\/\/www.sergeomin.gob.bo\/index.php\/wp-json\/wp\/v2\/media?parent=4104"}],"curies":[{"name":"wp","href":"https:\/\/api.w.org\/{rel}","templated":true}]}}