{"id":5785,"date":"2025-07-25T14:40:35","date_gmt":"2025-07-25T14:40:35","guid":{"rendered":"https:\/\/www.sergeomin.gob.bo\/?page_id=5785"},"modified":"2025-08-14T15:14:49","modified_gmt":"2025-08-14T15:14:49","slug":"museo-jorge-munoz-reyes","status":"publish","type":"page","link":"https:\/\/www.sergeomin.gob.bo\/index.php\/museo-jorge-munoz-reyes\/","title":{"rendered":"Museo Jorge Mu\u00f1oz\u00a0Reyes"},"content":{"rendered":"\t\t<div data-elementor-type=\"wp-page\" data-elementor-id=\"5785\" class=\"elementor elementor-5785\">\n\t\t\t\t\t\t<section class=\"elementor-section elementor-top-section elementor-element elementor-element-2e3ebd75 elementor-section-boxed elementor-section-height-default elementor-section-height-default\" data-id=\"2e3ebd75\" data-element_type=\"section\">\n\t\t\t\t\t\t<div class=\"elementor-container elementor-column-gap-default\">\n\t\t\t\t\t<div class=\"elementor-column elementor-col-100 elementor-top-column elementor-element elementor-element-254749f8\" data-id=\"254749f8\" data-element_type=\"column\">\n\t\t\t<div class=\"elementor-widget-wrap elementor-element-populated\">\n\t\t\t\t\t\t<div class=\"elementor-element elementor-element-53a2a0b3 elementor-widget elementor-widget-text-editor\" data-id=\"53a2a0b3\" data-element_type=\"widget\" data-widget_type=\"text-editor.default\">\n\t\t\t\t<div class=\"elementor-widget-container\">\n\t\t\t\t\t\t\t<!-- wp:image {\"id\":5788,\"sizeSlug\":\"large\",\"linkDestination\":\"none\"} -->\n<figure class=\"wp-block-image size-large\"><img fetchpriority=\"high\" decoding=\"async\" width=\"1024\" height=\"180\" src=\"https:\/\/www.sergeomin.gob.bo\/wp-content\/uploads\/2025\/07\/Banner-museo-1024x180.jpg\" alt=\"\" class=\"wp-image-5788\" srcset=\"https:\/\/www.sergeomin.gob.bo\/wp-content\/uploads\/2025\/07\/Banner-museo-1024x180.jpg 1024w, https:\/\/www.sergeomin.gob.bo\/wp-content\/uploads\/2025\/07\/Banner-museo-300x53.jpg 300w, https:\/\/www.sergeomin.gob.bo\/wp-content\/uploads\/2025\/07\/Banner-museo-768x135.jpg 768w, https:\/\/www.sergeomin.gob.bo\/wp-content\/uploads\/2025\/07\/Banner-museo.jpg 1200w\" sizes=\"(max-width: 1024px) 100vw, 1024px\" \/><\/figure>\n<!-- \/wp:image -->\t\t\t\t\t\t<\/div>\n\t\t\t\t<\/div>\n\t\t\t\t\t<\/div>\n\t\t<\/div>\n\t\t\t\t\t<\/div>\n\t\t<\/section>\n\t\t\t\t<section class=\"elementor-section elementor-top-section elementor-element elementor-element-1fd86a4 elementor-section-boxed elementor-section-height-default elementor-section-height-default\" data-id=\"1fd86a4\" data-element_type=\"section\">\n\t\t\t\t\t\t<div class=\"elementor-container elementor-column-gap-default\">\n\t\t\t\t\t<div class=\"elementor-column elementor-col-100 elementor-top-column elementor-element elementor-element-5093e63\" data-id=\"5093e63\" data-element_type=\"column\">\n\t\t\t<div class=\"elementor-widget-wrap elementor-element-populated\">\n\t\t\t\t\t\t<section class=\"elementor-section elementor-inner-section elementor-element elementor-element-a73e650 elementor-section-boxed elementor-section-height-default elementor-section-height-default\" data-id=\"a73e650\" data-element_type=\"section\">\n\t\t\t\t\t\t<div class=\"elementor-container elementor-column-gap-default\">\n\t\t\t\t\t<div class=\"elementor-column elementor-col-50 elementor-inner-column elementor-element elementor-element-60cc8f6\" data-id=\"60cc8f6\" data-element_type=\"column\">\n\t\t\t<div class=\"elementor-widget-wrap elementor-element-populated\">\n\t\t\t\t\t\t<div class=\"elementor-element elementor-element-4f905d5 elementor-widget elementor-widget-text-editor\" data-id=\"4f905d5\" data-element_type=\"widget\" data-widget_type=\"text-editor.default\">\n\t\t\t\t<div class=\"elementor-widget-container\">\n\t\t\t\t\t\t\t<p>El Museo Mineral\u00f3gico-Petrogr\u00e1fico-Paleontol\u00f3gico \u00abJorge Mu\u00f1oz Reyes*, que alberga una interesante colecci\u00f3n de minerales, rocas y f\u00f3siles recolectados en Bolivia.<\/p>\n<p>Adem\u00e1s de una Sala Hist\u00f3rica, donde se exponen\u00a0<\/p>\t\t\t\t\t\t<\/div>\n\t\t\t\t<\/div>\n\t\t\t\t\t<\/div>\n\t\t<\/div>\n\t\t\t\t<div class=\"elementor-column elementor-col-50 elementor-inner-column elementor-element elementor-element-111e87c\" data-id=\"111e87c\" data-element_type=\"column\">\n\t\t\t<div class=\"elementor-widget-wrap elementor-element-populated\">\n\t\t\t\t\t\t<div class=\"elementor-element elementor-element-b6339e0 elementor-widget elementor-widget-text-editor\" data-id=\"b6339e0\" data-element_type=\"widget\" data-widget_type=\"text-editor.default\">\n\t\t\t\t<div class=\"elementor-widget-container\">\n\t\t\t\t\t\t\t<p>algunos instrumentos, herramientas y equipos antiguos que fueron utilizados por el SERGEOMIN para trabajos de mapeo, geof\u00edsica, fotogrametr\u00eda, topograf\u00eda, microscopia y laboratorio qu\u00edmico entre otros.<\/p>\t\t\t\t\t\t<\/div>\n\t\t\t\t<\/div>\n\t\t\t\t\t<\/div>\n\t\t<\/div>\n\t\t\t\t\t<\/div>\n\t\t<\/section>\n\t\t\t\t\t<\/div>\n\t\t<\/div>\n\t\t\t\t\t<\/div>\n\t\t<\/section>\n\t\t\t\t<section class=\"elementor-section elementor-top-section elementor-element elementor-element-dd3d73b elementor-section-boxed elementor-section-height-default elementor-section-height-default\" data-id=\"dd3d73b\" data-element_type=\"section\">\n\t\t\t\t\t\t<div class=\"elementor-container elementor-column-gap-default\">\n\t\t\t\t\t<div class=\"elementor-column elementor-col-100 elementor-top-column elementor-element elementor-element-b9e8c5b\" data-id=\"b9e8c5b\" data-element_type=\"column\">\n\t\t\t<div class=\"elementor-widget-wrap elementor-element-populated\">\n\t\t\t\t\t\t<div class=\"elementor-element elementor-element-d614a7c elementor-align-center elementor-widget elementor-widget-button\" data-id=\"d614a7c\" data-element_type=\"widget\" data-widget_type=\"button.default\">\n\t\t\t\t<div class=\"elementor-widget-container\">\n\t\t\t\t\t<div class=\"elementor-button-wrapper\">\n\t\t\t<a class=\"elementor-button elementor-button-link elementor-size-sm\" href=\"https:\/\/docs.google.com\/forms\/d\/e\/1FAIpQLSdI3ZUufqGrUSCWV2aT16HQuIXjVAO5CAKKHRdOxMfrHK_7AQ\/viewform?usp=header\" target=\"_blank\">\n\t\t\t\t\t\t<span class=\"elementor-button-content-wrapper\">\n\t\t\t\t\t\t\t\t\t<span class=\"elementor-button-text\">Formulario de Registro Para Visitar el Museo<\/span>\n\t\t\t\t\t<\/span>\n\t\t\t\t\t<\/a>\n\t\t<\/div>\n\t\t\t\t<\/div>\n\t\t\t\t<\/div>\n\t\t\t\t\t<\/div>\n\t\t<\/div>\n\t\t\t\t\t<\/div>\n\t\t<\/section>\n\t\t\t\t<section class=\"elementor-section elementor-top-section elementor-element elementor-element-752a996 elementor-section-boxed elementor-section-height-default elementor-section-height-default\" data-id=\"752a996\" data-element_type=\"section\">\n\t\t\t\t\t\t<div class=\"elementor-container elementor-column-gap-default\">\n\t\t\t\t\t<div class=\"elementor-column elementor-col-33 elementor-top-column elementor-element elementor-element-71e0314\" data-id=\"71e0314\" data-element_type=\"column\">\n\t\t\t<div class=\"elementor-widget-wrap elementor-element-populated\">\n\t\t\t\t\t\t<div class=\"elementor-element elementor-element-1095085 elementor-widget elementor-widget-image\" data-id=\"1095085\" data-element_type=\"widget\" data-widget_type=\"image.default\">\n\t\t\t\t<div class=\"elementor-widget-container\">\n\t\t\t\t\t\t\t\t\t\t\t\t\t<img decoding=\"async\" width=\"640\" height=\"640\" src=\"https:\/\/www.sergeomin.gob.bo\/wp-content\/uploads\/2025\/07\/ghkk-1024x1024.jpg\" class=\"attachment-large size-large wp-image-5824\" alt=\"\" srcset=\"https:\/\/www.sergeomin.gob.bo\/wp-content\/uploads\/2025\/07\/ghkk-1024x1024.jpg 1024w, https:\/\/www.sergeomin.gob.bo\/wp-content\/uploads\/2025\/07\/ghkk-300x300.jpg 300w, https:\/\/www.sergeomin.gob.bo\/wp-content\/uploads\/2025\/07\/ghkk-150x150.jpg 150w, https:\/\/www.sergeomin.gob.bo\/wp-content\/uploads\/2025\/07\/ghkk-768x768.jpg 768w, https:\/\/www.sergeomin.gob.bo\/wp-content\/uploads\/2025\/07\/ghkk-1536x1536.jpg 1536w, https:\/\/www.sergeomin.gob.bo\/wp-content\/uploads\/2025\/07\/ghkk.jpg 2048w\" sizes=\"(max-width: 640px) 100vw, 640px\" \/>\t\t\t\t\t\t\t\t\t\t\t\t\t<\/div>\n\t\t\t\t<\/div>\n\t\t\t\t\t<\/div>\n\t\t<\/div>\n\t\t\t\t<div class=\"elementor-column elementor-col-33 elementor-top-column elementor-element elementor-element-a5eca7b\" data-id=\"a5eca7b\" data-element_type=\"column\">\n\t\t\t<div class=\"elementor-widget-wrap elementor-element-populated\">\n\t\t\t\t\t\t<div class=\"elementor-element elementor-element-f34eb16 elementor-widget elementor-widget-image\" data-id=\"f34eb16\" data-element_type=\"widget\" data-widget_type=\"image.default\">\n\t\t\t\t<div class=\"elementor-widget-container\">\n\t\t\t\t\t\t\t\t\t\t\t\t\t<img decoding=\"async\" width=\"640\" height=\"640\" src=\"https:\/\/www.sergeomin.gob.bo\/wp-content\/uploads\/2025\/07\/jtyj-1-1024x1024.jpg\" class=\"attachment-large size-large wp-image-5825\" alt=\"\" srcset=\"https:\/\/www.sergeomin.gob.bo\/wp-content\/uploads\/2025\/07\/jtyj-1-1024x1024.jpg 1024w, https:\/\/www.sergeomin.gob.bo\/wp-content\/uploads\/2025\/07\/jtyj-1-300x300.jpg 300w, https:\/\/www.sergeomin.gob.bo\/wp-content\/uploads\/2025\/07\/jtyj-1-150x150.jpg 150w, https:\/\/www.sergeomin.gob.bo\/wp-content\/uploads\/2025\/07\/jtyj-1-768x768.jpg 768w, https:\/\/www.sergeomin.gob.bo\/wp-content\/uploads\/2025\/07\/jtyj-1-1536x1536.jpg 1536w, https:\/\/www.sergeomin.gob.bo\/wp-content\/uploads\/2025\/07\/jtyj-1.jpg 2048w\" sizes=\"(max-width: 640px) 100vw, 640px\" \/>\t\t\t\t\t\t\t\t\t\t\t\t\t<\/div>\n\t\t\t\t<\/div>\n\t\t\t\t\t<\/div>\n\t\t<\/div>\n\t\t\t\t<div class=\"elementor-column elementor-col-33 elementor-top-column elementor-element elementor-element-0609a15\" data-id=\"0609a15\" data-element_type=\"column\">\n\t\t\t<div class=\"elementor-widget-wrap elementor-element-populated\">\n\t\t\t\t\t\t<div class=\"elementor-element elementor-element-96180e9 elementor-widget elementor-widget-image\" data-id=\"96180e9\" data-element_type=\"widget\" data-widget_type=\"image.default\">\n\t\t\t\t<div class=\"elementor-widget-container\">\n\t\t\t\t\t\t\t\t\t\t\t\t\t<img loading=\"lazy\" decoding=\"async\" width=\"640\" height=\"640\" src=\"https:\/\/www.sergeomin.gob.bo\/wp-content\/uploads\/2025\/07\/linl-1024x1024.jpg\" class=\"attachment-large size-large wp-image-5826\" alt=\"\" srcset=\"https:\/\/www.sergeomin.gob.bo\/wp-content\/uploads\/2025\/07\/linl-1024x1024.jpg 1024w, https:\/\/www.sergeomin.gob.bo\/wp-content\/uploads\/2025\/07\/linl-300x300.jpg 300w, https:\/\/www.sergeomin.gob.bo\/wp-content\/uploads\/2025\/07\/linl-150x150.jpg 150w, https:\/\/www.sergeomin.gob.bo\/wp-content\/uploads\/2025\/07\/linl-768x768.jpg 768w, https:\/\/www.sergeomin.gob.bo\/wp-content\/uploads\/2025\/07\/linl-1536x1536.jpg 1536w, https:\/\/www.sergeomin.gob.bo\/wp-content\/uploads\/2025\/07\/linl.jpg 2048w\" sizes=\"(max-width: 640px) 100vw, 640px\" \/>\t\t\t\t\t\t\t\t\t\t\t\t\t<\/div>\n\t\t\t\t<\/div>\n\t\t\t\t\t<\/div>\n\t\t<\/div>\n\t\t\t\t\t<\/div>\n\t\t<\/section>\n\t\t\t\t<section class=\"elementor-section elementor-top-section elementor-element elementor-element-2b31cd7 elementor-section-boxed elementor-section-height-default elementor-section-height-default\" data-id=\"2b31cd7\" data-element_type=\"section\">\n\t\t\t\t\t\t<div class=\"elementor-container elementor-column-gap-default\">\n\t\t\t\t\t<div class=\"elementor-column elementor-col-100 elementor-top-column elementor-element elementor-element-21da56c\" data-id=\"21da56c\" data-element_type=\"column\">\n\t\t\t<div class=\"elementor-widget-wrap elementor-element-populated\">\n\t\t\t\t\t\t<div class=\"elementor-element elementor-element-0c3025d elementor-widget__width-initial elementor-widget elementor-widget-text-editor\" data-id=\"0c3025d\" data-element_type=\"widget\" data-widget_type=\"text-editor.default\">\n\t\t\t\t<div class=\"elementor-widget-container\">\n\t\t\t\t\t\t\t<p>El nombre del museo es en reconocimiento y memoria del Ing. Jorge Mu\u00f1oz Reyes (1904-1984) graduado de la Universidad de Berkeley en California como Ingeniero Ge\u00f3logo, quien, aport\u00f3 en el desarrollo de las investigaciones geol\u00f3gicas mineras de Bolivia.<\/p>\n<p>Funciona a partir de 1980 con el objetivo\u00a0 de mostrar la colecci\u00f3n de minerales, rocas y f\u00f3siles. Algunas de las muestras son procedentes\u00a0 de campa\u00f1as de mapeo, exploraciones \u00a0realizadas por la instituci\u00f3n\u00a0 y \u00a0por donaciones.<\/p>\n<p><span style=\"color: #333399;\"><strong>CUENTA CON UNA SALA HISTORICA<\/strong><\/span><\/p>\n<p>En este lugar se exponen algunos instrumentos, equipos y herramientas antiguos que fueron utilizados para trabajos de mapeo, geof\u00edsica, fotogrametr\u00eda, topograf\u00eda, microscopia, laboratorio qu\u00edmico desde su creaci\u00f3n en el a\u00f1os 1960.<\/p>\n<p>Los Minerales que se pueden apreciar\u00a0 en el museo se encuentran clasificados generalmente en minerales met\u00e1licos (Oro, Plata, Cobre y otros) y no met\u00e1licos (Azufre Baritina, Fluorita y otros).<\/p>\n<p><span style=\"color: #333399;\"><strong>GEOLOGICAMENTE LAS ROCAS SE CLASIFICAN EN TRES TIPOS:<\/strong><\/span><\/p>\n<p><img loading=\"lazy\" decoding=\"async\" class=\"alignnone  wp-image-6010\" src=\"https:\/\/www.sergeomin.gob.bo\/wp-content\/uploads\/2025\/08\/DSC04237-300x169.jpg\" alt=\"\" width=\"241\" height=\"136\" srcset=\"https:\/\/www.sergeomin.gob.bo\/wp-content\/uploads\/2025\/08\/DSC04237-300x169.jpg 300w, https:\/\/www.sergeomin.gob.bo\/wp-content\/uploads\/2025\/08\/DSC04237-1024x576.jpg 1024w, https:\/\/www.sergeomin.gob.bo\/wp-content\/uploads\/2025\/08\/DSC04237-768x432.jpg 768w, https:\/\/www.sergeomin.gob.bo\/wp-content\/uploads\/2025\/08\/DSC04237-1536x864.jpg 1536w, https:\/\/www.sergeomin.gob.bo\/wp-content\/uploads\/2025\/08\/DSC04237-2048x1152.jpg 2048w\" sizes=\"(max-width: 241px) 100vw, 241px\" \/> <img loading=\"lazy\" decoding=\"async\" class=\"alignnone  wp-image-6011\" src=\"https:\/\/www.sergeomin.gob.bo\/wp-content\/uploads\/2025\/08\/DSC04238-300x169.jpg\" alt=\"\" width=\"245\" height=\"138\" srcset=\"https:\/\/www.sergeomin.gob.bo\/wp-content\/uploads\/2025\/08\/DSC04238-300x169.jpg 300w, https:\/\/www.sergeomin.gob.bo\/wp-content\/uploads\/2025\/08\/DSC04238-1024x576.jpg 1024w, https:\/\/www.sergeomin.gob.bo\/wp-content\/uploads\/2025\/08\/DSC04238-768x432.jpg 768w, https:\/\/www.sergeomin.gob.bo\/wp-content\/uploads\/2025\/08\/DSC04238-1536x864.jpg 1536w, https:\/\/www.sergeomin.gob.bo\/wp-content\/uploads\/2025\/08\/DSC04238-2048x1152.jpg 2048w\" sizes=\"(max-width: 245px) 100vw, 245px\" \/> <img loading=\"lazy\" decoding=\"async\" class=\"alignnone  wp-image-6012\" src=\"https:\/\/www.sergeomin.gob.bo\/wp-content\/uploads\/2025\/08\/DSC04239-300x169.jpg\" alt=\"\" width=\"241\" height=\"136\" srcset=\"https:\/\/www.sergeomin.gob.bo\/wp-content\/uploads\/2025\/08\/DSC04239-300x169.jpg 300w, https:\/\/www.sergeomin.gob.bo\/wp-content\/uploads\/2025\/08\/DSC04239-1024x576.jpg 1024w, https:\/\/www.sergeomin.gob.bo\/wp-content\/uploads\/2025\/08\/DSC04239-768x432.jpg 768w, https:\/\/www.sergeomin.gob.bo\/wp-content\/uploads\/2025\/08\/DSC04239-1536x864.jpg 1536w, https:\/\/www.sergeomin.gob.bo\/wp-content\/uploads\/2025\/08\/DSC04239-2048x1152.jpg 2048w\" sizes=\"(max-width: 241px) 100vw, 241px\" \/> <img loading=\"lazy\" decoding=\"async\" class=\"alignnone  wp-image-6013\" src=\"https:\/\/www.sergeomin.gob.bo\/wp-content\/uploads\/2025\/08\/DSC04240-300x169.jpg\" alt=\"\" width=\"244\" height=\"138\" srcset=\"https:\/\/www.sergeomin.gob.bo\/wp-content\/uploads\/2025\/08\/DSC04240-300x169.jpg 300w, https:\/\/www.sergeomin.gob.bo\/wp-content\/uploads\/2025\/08\/DSC04240-1024x576.jpg 1024w, https:\/\/www.sergeomin.gob.bo\/wp-content\/uploads\/2025\/08\/DSC04240-768x432.jpg 768w, https:\/\/www.sergeomin.gob.bo\/wp-content\/uploads\/2025\/08\/DSC04240-1536x864.jpg 1536w, https:\/\/www.sergeomin.gob.bo\/wp-content\/uploads\/2025\/08\/DSC04240-2048x1152.jpg 2048w\" sizes=\"(max-width: 244px) 100vw, 244px\" \/> <img loading=\"lazy\" decoding=\"async\" class=\"wp-image-6014 aligncenter\" src=\"https:\/\/www.sergeomin.gob.bo\/wp-content\/uploads\/2025\/08\/DSC04241-300x169.jpg\" alt=\"\" width=\"257\" height=\"145\" srcset=\"https:\/\/www.sergeomin.gob.bo\/wp-content\/uploads\/2025\/08\/DSC04241-300x169.jpg 300w, https:\/\/www.sergeomin.gob.bo\/wp-content\/uploads\/2025\/08\/DSC04241-1024x576.jpg 1024w, https:\/\/www.sergeomin.gob.bo\/wp-content\/uploads\/2025\/08\/DSC04241-768x432.jpg 768w, https:\/\/www.sergeomin.gob.bo\/wp-content\/uploads\/2025\/08\/DSC04241-1536x864.jpg 1536w, https:\/\/www.sergeomin.gob.bo\/wp-content\/uploads\/2025\/08\/DSC04241-2048x1152.jpg 2048w\" sizes=\"(max-width: 257px) 100vw, 257px\" \/><\/p>\n<p>Las rocas son asociaciones naturales de minerales.<\/p>\n<p>1 \u00a0<strong>Roca \u00cdgneas o Magm\u00e1tica<\/strong>\u00a0 que se forman como producto del enfriamiento del magma en diferentes condiciones.<\/p>\n<p><strong>2 \u00a0Rocas Sedimentarias<\/strong> Formadas en la superficie de la tierra, como resultado de procesos ex\u00f3genos.<\/p>\n<p><strong>3 Rocas Metam\u00f3rficas<\/strong> Formadas a partir de (Rocas \u00cdgneas o Sedimentarias) mediante re cristalizaci\u00f3n por cambio de presi\u00f3n y temperatura.<\/p>\n<p>\u00a0Seg\u00fan el \u00faltimo inventario realizado a principios de la presente gesti\u00f3n, el museo cuenta con un total de: 732 muestras f\u00edsicas<\/p>\n<p>348 Muestras minerales<\/p>\n<p>130\u00a0 Muestras de rocas<\/p>\n<p>254 Muestras de f\u00f3siles<\/p>\t\t\t\t\t\t<\/div>\n\t\t\t\t<\/div>\n\t\t\t\t\t<\/div>\n\t\t<\/div>\n\t\t\t\t\t<\/div>\n\t\t<\/section>\n\t\t\t\t<section class=\"elementor-section elementor-top-section elementor-element elementor-element-87066a3 elementor-section-boxed elementor-section-height-default elementor-section-height-default\" data-id=\"87066a3\" data-element_type=\"section\">\n\t\t\t\t\t\t<div class=\"elementor-container elementor-column-gap-default\">\n\t\t\t\t\t<div class=\"elementor-column elementor-col-100 elementor-top-column elementor-element elementor-element-a1efd11\" data-id=\"a1efd11\" data-element_type=\"column\">\n\t\t\t<div class=\"elementor-widget-wrap elementor-element-populated\">\n\t\t\t\t\t\t<div class=\"elementor-element elementor-element-416e870 elementor-widget elementor-widget-video\" data-id=\"416e870\" data-element_type=\"widget\" data-settings=\"{&quot;youtube_url&quot;:&quot;https:\\\/\\\/www.youtube.com\\\/watch?v=du08aGP7GIY&amp;ab_channel=JuanCarlosLagunaEspinoza&quot;,&quot;video_type&quot;:&quot;youtube&quot;,&quot;controls&quot;:&quot;yes&quot;}\" data-widget_type=\"video.default\">\n\t\t\t\t<div class=\"elementor-widget-container\">\n\t\t\t\t\t<div class=\"elementor-wrapper elementor-open-inline\">\n\t\t\t<div class=\"elementor-video\"><\/div>\t\t<\/div>\n\t\t\t\t<\/div>\n\t\t\t\t<\/div>\n\t\t\t\t\t<\/div>\n\t\t<\/div>\n\t\t\t\t\t<\/div>\n\t\t<\/section>\n\t\t\t\t<\/div>\n\t\t","protected":false},"excerpt":{"rendered":"<p>El Museo Mineral\u00f3gico-Petrogr\u00e1fico-Paleontol\u00f3gico \u00abJorge Mu\u00f1oz Reyes*, que alberga una interesante colecci\u00f3n de minerales, rocas y<\/p>\n","protected":false},"author":3,"featured_media":0,"parent":0,"menu_order":0,"comment_status":"closed","ping_status":"closed","template":"","meta":{"footnotes":""},"class_list":["post-5785","page","type-page","status-publish","hentry"],"_links":{"self":[{"href":"https:\/\/www.sergeomin.gob.bo\/index.php\/wp-json\/wp\/v2\/pages\/5785","targetHints":{"allow":["GET"]}}],"collection":[{"href":"https:\/\/www.sergeomin.gob.bo\/index.php\/wp-json\/wp\/v2\/pages"}],"about":[{"href":"https:\/\/www.sergeomin.gob.bo\/index.php\/wp-json\/wp\/v2\/types\/page"}],"author":[{"embeddable":true,"href":"https:\/\/www.sergeomin.gob.bo\/index.php\/wp-json\/wp\/v2\/users\/3"}],"replies":[{"embeddable":true,"href":"https:\/\/www.sergeomin.gob.bo\/index.php\/wp-json\/wp\/v2\/comments?post=5785"}],"version-history":[{"count":39,"href":"https:\/\/www.sergeomin.gob.bo\/index.php\/wp-json\/wp\/v2\/pages\/5785\/revisions"}],"predecessor-version":[{"id":7906,"href":"https:\/\/www.sergeomin.gob.bo\/index.php\/wp-json\/wp\/v2\/pages\/5785\/revisions\/7906"}],"wp:attachment":[{"href":"https:\/\/www.sergeomin.gob.bo\/index.php\/wp-json\/wp\/v2\/media?parent=5785"}],"curies":[{"name":"wp","href":"https:\/\/api.w.org\/{rel}","templated":true}]}}