{"id":662,"date":"2023-04-08T12:51:20","date_gmt":"2023-04-08T12:51:20","guid":{"rendered":"http:\/\/www.sergeomin.gob.bo\/?page_id=662"},"modified":"2025-09-15T18:50:09","modified_gmt":"2025-09-15T18:50:09","slug":"mision-y-vision","status":"publish","type":"page","link":"https:\/\/www.sergeomin.gob.bo\/index.php\/mision-y-vision\/","title":{"rendered":"MISI\u00d3N Y VISI\u00d3N"},"content":{"rendered":"\t\t<div data-elementor-type=\"wp-page\" data-elementor-id=\"662\" class=\"elementor elementor-662\">\n\t\t\t\t\t\t<section class=\"elementor-section elementor-top-section elementor-element elementor-element-4ec56f3 elementor-section-boxed elementor-section-height-default elementor-section-height-default\" data-id=\"4ec56f3\" data-element_type=\"section\">\n\t\t\t\t\t\t<div class=\"elementor-container elementor-column-gap-default\">\n\t\t\t\t\t<div class=\"elementor-column elementor-col-33 elementor-top-column elementor-element elementor-element-c4a7292\" data-id=\"c4a7292\" data-element_type=\"column\">\n\t\t\t<div class=\"elementor-widget-wrap elementor-element-populated\">\n\t\t\t\t\t\t<div class=\"elementor-element elementor-element-36d313f elementor-invisible elementor-widget elementor-widget-text-editor\" data-id=\"36d313f\" data-element_type=\"widget\" data-settings=\"{&quot;_animation&quot;:&quot;fadeInUp&quot;}\" data-widget_type=\"text-editor.default\">\n\t\t\t\t<div class=\"elementor-widget-container\">\n\t\t\t\t\t\t\t<p>MISI\u00d3N<\/p><p>Realizar prospecci\u00f3n y exploraci\u00f3n de los recursos naturales no renovables, generar informaci\u00f3n geo-cient\u00edfica, elaborar la Carta Geol\u00f3gica Nacional y prestar servicios de calidad en los campos de la geolog\u00eda, miner\u00eda y medio ambiente, para contribuir al desarrollo econ\u00f3mico del pa\u00eds<\/p>\t\t\t\t\t\t<\/div>\n\t\t\t\t<\/div>\n\t\t\t\t\t<\/div>\n\t\t<\/div>\n\t\t\t\t<div class=\"elementor-column elementor-col-33 elementor-top-column elementor-element elementor-element-ba6851f\" data-id=\"ba6851f\" data-element_type=\"column\">\n\t\t\t<div class=\"elementor-widget-wrap elementor-element-populated\">\n\t\t\t\t\t\t<div class=\"elementor-element elementor-element-a02f794 elementor-invisible elementor-widget elementor-widget-image\" data-id=\"a02f794\" data-element_type=\"widget\" data-settings=\"{&quot;_animation&quot;:&quot;fadeInDown&quot;}\" data-widget_type=\"image.default\">\n\t\t\t\t<div class=\"elementor-widget-container\">\n\t\t\t\t\t\t\t\t\t\t\t\t\t<img fetchpriority=\"high\" decoding=\"async\" width=\"500\" height=\"500\" src=\"https:\/\/www.sergeomin.gob.bo\/wp-content\/uploads\/2025\/07\/pie-de-pag-1.jpg\" class=\"attachment-large size-large wp-image-5224\" alt=\"\" srcset=\"https:\/\/www.sergeomin.gob.bo\/wp-content\/uploads\/2025\/07\/pie-de-pag-1.jpg 500w, https:\/\/www.sergeomin.gob.bo\/wp-content\/uploads\/2025\/07\/pie-de-pag-1-300x300.jpg 300w, https:\/\/www.sergeomin.gob.bo\/wp-content\/uploads\/2025\/07\/pie-de-pag-1-150x150.jpg 150w\" sizes=\"(max-width: 500px) 100vw, 500px\" \/>\t\t\t\t\t\t\t\t\t\t\t\t\t<\/div>\n\t\t\t\t<\/div>\n\t\t\t\t\t<\/div>\n\t\t<\/div>\n\t\t\t\t<div class=\"elementor-column elementor-col-33 elementor-top-column elementor-element elementor-element-0c77f15\" data-id=\"0c77f15\" data-element_type=\"column\">\n\t\t\t<div class=\"elementor-widget-wrap elementor-element-populated\">\n\t\t\t\t\t\t<div class=\"elementor-element elementor-element-50e28f1 elementor-invisible elementor-widget elementor-widget-text-editor\" data-id=\"50e28f1\" data-element_type=\"widget\" data-settings=\"{&quot;_animation&quot;:&quot;fadeInUp&quot;}\" data-widget_type=\"text-editor.default\">\n\t\t\t\t<div class=\"elementor-widget-container\">\n\t\t\t\t\t\t\t<p>VISI\u00d3N<\/p><p>Consolidar al Servicio Geol\u00f3gico Minero como entidad estrat\u00e9gica nacional de investigaci\u00f3n geol\u00f3gica, l\u00edder en la evaluaci\u00f3n y certificaci\u00f3n de recursos naturales. Reconocida en Bolivia y a nivel internacional, por su confiabilidad y trayectoria, con capacidad de gesti\u00f3n en geolog\u00eda aplicada.<\/p>\t\t\t\t\t\t<\/div>\n\t\t\t\t<\/div>\n\t\t\t\t\t<\/div>\n\t\t<\/div>\n\t\t\t\t\t<\/div>\n\t\t<\/section>\n\t\t\t\t<section class=\"elementor-section elementor-top-section elementor-element elementor-element-e59233e elementor-section-boxed elementor-section-height-default elementor-section-height-default\" data-id=\"e59233e\" data-element_type=\"section\">\n\t\t\t\t\t\t<div class=\"elementor-container elementor-column-gap-default\">\n\t\t\t\t\t<div class=\"elementor-column elementor-col-100 elementor-top-column elementor-element elementor-element-2a17bc6\" data-id=\"2a17bc6\" data-element_type=\"column\">\n\t\t\t<div class=\"elementor-widget-wrap elementor-element-populated\">\n\t\t\t\t\t\t<div class=\"elementor-element elementor-element-6b7504e elementor-widget-divider--view-line elementor-widget elementor-widget-divider\" data-id=\"6b7504e\" data-element_type=\"widget\" data-widget_type=\"divider.default\">\n\t\t\t\t<div class=\"elementor-widget-container\">\n\t\t\t\t\t<div class=\"elementor-divider\">\n\t\t\t<span class=\"elementor-divider-separator\">\n\t\t\t\t\t\t<\/span>\n\t\t<\/div>\n\t\t\t\t<\/div>\n\t\t\t\t<\/div>\n\t\t\t\t<div class=\"elementor-element elementor-element-5aa66a7 elementor-widget elementor-widget-heading\" data-id=\"5aa66a7\" data-element_type=\"widget\" data-widget_type=\"heading.default\">\n\t\t\t\t<div class=\"elementor-widget-container\">\n\t\t\t<h2 class=\"elementor-heading-title elementor-size-default\">VALORES<\/h2>\t\t<\/div>\n\t\t\t\t<\/div>\n\t\t\t\t\t<\/div>\n\t\t<\/div>\n\t\t\t\t\t<\/div>\n\t\t<\/section>\n\t\t\t\t<section class=\"elementor-section elementor-top-section elementor-element elementor-element-24b70ba elementor-section-boxed elementor-section-height-default elementor-section-height-default\" data-id=\"24b70ba\" data-element_type=\"section\">\n\t\t\t\t\t\t<div class=\"elementor-container elementor-column-gap-default\">\n\t\t\t\t\t<div class=\"elementor-column elementor-col-50 elementor-top-column elementor-element elementor-element-ee15213\" data-id=\"ee15213\" data-element_type=\"column\">\n\t\t\t<div class=\"elementor-widget-wrap elementor-element-populated\">\n\t\t\t\t\t\t<div class=\"elementor-element elementor-element-56d9dc1 elementor-widget elementor-widget-text-editor\" data-id=\"56d9dc1\" data-element_type=\"widget\" data-widget_type=\"text-editor.default\">\n\t\t\t\t<div class=\"elementor-widget-container\">\n\t\t\t\t\t\t\t<p>SERGEOMIN SE RIGE BAJO LOS SIGUIENTES VALORES:<\/p>\t\t\t\t\t\t<\/div>\n\t\t\t\t<\/div>\n\t\t\t\t<div class=\"elementor-element elementor-element-223e030 elementor-widget elementor-widget-text-editor\" data-id=\"223e030\" data-element_type=\"widget\" data-widget_type=\"text-editor.default\">\n\t\t\t\t<div class=\"elementor-widget-container\">\n\t\t\t\t\t\t\t<ul><li><strong>&#8211;\u00a0 Preservar y precautelar la imagen del Estado Plurinacional de Bolivia<\/strong><\/li><li><strong>\u2013 Respeto<\/strong><\/li><li><strong>\u2013 Transparencia<\/strong><\/li><li><strong>\u2013 Cooperaci\u00f3n<\/strong><\/li><li><strong>\u2013 Atenci\u00f3n de cortesia a nuestros p\u00fablicos y usuarios.<\/strong><\/li><li><strong>\u2013 Gesti\u00f3n por Resultados<\/strong><\/li><li><strong>\u2013 Lucha contra la corrupci\u00f3n<\/strong><\/li><li><strong>\u2013 \u00c9tica<\/strong><\/li><li><strong>\u2013 Trabajo en equipo<\/strong><\/li><li><strong>\u2013 Compromiso social<\/strong><\/li><li><strong>\u2013 Pluralidad<\/strong><\/li><li><strong>\u2013 Liderazgo<\/strong><\/li><li><strong>\u2013 Honestidad<\/strong><\/li><li><strong>\u2013 Justicia<\/strong><\/li><li><strong>\u2013 Diligencia<\/strong><\/li><\/ul>\t\t\t\t\t\t<\/div>\n\t\t\t\t<\/div>\n\t\t\t\t\t<\/div>\n\t\t<\/div>\n\t\t\t\t<div class=\"elementor-column elementor-col-50 elementor-top-column elementor-element elementor-element-a1e3b8b\" data-id=\"a1e3b8b\" data-element_type=\"column\">\n\t\t\t<div class=\"elementor-widget-wrap elementor-element-populated\">\n\t\t\t\t\t\t<div class=\"elementor-element elementor-element-4562ddd elementor-invisible elementor-widget elementor-widget-image\" data-id=\"4562ddd\" data-element_type=\"widget\" data-settings=\"{&quot;_animation&quot;:&quot;zoomIn&quot;}\" data-widget_type=\"image.default\">\n\t\t\t\t<div class=\"elementor-widget-container\">\n\t\t\t\t\t\t\t\t\t\t\t\t\t<img decoding=\"async\" width=\"640\" height=\"263\" src=\"https:\/\/www.sergeomin.gob.bo\/wp-content\/uploads\/2025\/09\/valores-1024x420.png\" class=\"attachment-large size-large wp-image-6133\" alt=\"\" srcset=\"https:\/\/www.sergeomin.gob.bo\/wp-content\/uploads\/2025\/09\/valores-1024x420.png 1024w, https:\/\/www.sergeomin.gob.bo\/wp-content\/uploads\/2025\/09\/valores-300x123.png 300w, https:\/\/www.sergeomin.gob.bo\/wp-content\/uploads\/2025\/09\/valores-768x315.png 768w, https:\/\/www.sergeomin.gob.bo\/wp-content\/uploads\/2025\/09\/valores-1536x630.png 1536w, https:\/\/www.sergeomin.gob.bo\/wp-content\/uploads\/2025\/09\/valores-2048x840.png 2048w\" sizes=\"(max-width: 640px) 100vw, 640px\" \/>\t\t\t\t\t\t\t\t\t\t\t\t\t<\/div>\n\t\t\t\t<\/div>\n\t\t\t\t\t<\/div>\n\t\t<\/div>\n\t\t\t\t\t<\/div>\n\t\t<\/section>\n\t\t\t\t<section class=\"elementor-section elementor-top-section elementor-element elementor-element-afe2da4 elementor-section-boxed elementor-section-height-default elementor-section-height-default\" data-id=\"afe2da4\" data-element_type=\"section\">\n\t\t\t\t\t\t<div class=\"elementor-container elementor-column-gap-default\">\n\t\t\t\t\t<div class=\"elementor-column elementor-col-100 elementor-top-column elementor-element elementor-element-13bdd98\" data-id=\"13bdd98\" data-element_type=\"column\">\n\t\t\t<div class=\"elementor-widget-wrap elementor-element-populated\">\n\t\t\t\t\t\t<div class=\"elementor-element elementor-element-88b5e53 elementor-widget-divider--view-line elementor-widget elementor-widget-divider\" data-id=\"88b5e53\" data-element_type=\"widget\" data-widget_type=\"divider.default\">\n\t\t\t\t<div class=\"elementor-widget-container\">\n\t\t\t\t\t<div class=\"elementor-divider\">\n\t\t\t<span class=\"elementor-divider-separator\">\n\t\t\t\t\t\t<\/span>\n\t\t<\/div>\n\t\t\t\t<\/div>\n\t\t\t\t<\/div>\n\t\t\t\t<div class=\"elementor-element elementor-element-5432333 elementor-widget elementor-widget-heading\" data-id=\"5432333\" data-element_type=\"widget\" data-widget_type=\"heading.default\">\n\t\t\t\t<div class=\"elementor-widget-container\">\n\t\t\t<h2 class=\"elementor-heading-title elementor-size-default\">PRINCIPIOS:<\/h2>\t\t<\/div>\n\t\t\t\t<\/div>\n\t\t\t\t\t<\/div>\n\t\t<\/div>\n\t\t\t\t\t<\/div>\n\t\t<\/section>\n\t\t\t\t<section class=\"elementor-section elementor-top-section elementor-element elementor-element-9af1e99 elementor-section-boxed elementor-section-height-default elementor-section-height-default\" data-id=\"9af1e99\" data-element_type=\"section\">\n\t\t\t\t\t\t<div class=\"elementor-container elementor-column-gap-default\">\n\t\t\t\t\t<div class=\"elementor-column elementor-col-50 elementor-top-column elementor-element elementor-element-80b823a\" data-id=\"80b823a\" data-element_type=\"column\">\n\t\t\t<div class=\"elementor-widget-wrap elementor-element-populated\">\n\t\t\t\t\t\t<div class=\"elementor-element elementor-element-13307c9 elementor-widget elementor-widget-text-editor\" data-id=\"13307c9\" data-element_type=\"widget\" data-widget_type=\"text-editor.default\">\n\t\t\t\t<div class=\"elementor-widget-container\">\n\t\t\t\t\t\t\t<ul>\n<li>\n<p class=\"text-align-justify\"><strong>&#8211; Ama sua \u2013 Janiw Lunthata \u2013 No seas ladr\u00f3n<\/strong><\/p>\n<\/li>\n<li>\n<p class=\"text-align-justify\"><strong>&#8211; Ama llulla \u2013 Janiw K\u2019arisiri \u2013 No seas mentiroso<\/strong><\/p>\n<\/li>\n<li>\n<p class=\"text-align-justify\"><strong>&#8211; Ama quella \u2013 Janiw Jayra \u2013 No seas flojo<\/strong><\/p>\n<\/li>\n<\/ul>\t\t\t\t\t\t<\/div>\n\t\t\t\t<\/div>\n\t\t\t\t\t<\/div>\n\t\t<\/div>\n\t\t\t\t<div class=\"elementor-column elementor-col-50 elementor-top-column elementor-element elementor-element-bebfd68\" data-id=\"bebfd68\" data-element_type=\"column\">\n\t\t\t<div class=\"elementor-widget-wrap elementor-element-populated\">\n\t\t\t\t\t\t<div class=\"elementor-element elementor-element-b778061 elementor-invisible elementor-widget elementor-widget-image\" data-id=\"b778061\" data-element_type=\"widget\" data-settings=\"{&quot;_animation&quot;:&quot;zoomIn&quot;}\" data-widget_type=\"image.default\">\n\t\t\t\t<div class=\"elementor-widget-container\">\n\t\t\t\t\t\t\t\t\t\t\t\t\t<img decoding=\"async\" width=\"640\" height=\"476\" src=\"https:\/\/www.sergeomin.gob.bo\/wp-content\/uploads\/2025\/09\/AMA-SUA.jfif_-1.jpg\" class=\"attachment-large size-large wp-image-6164\" alt=\"\" srcset=\"https:\/\/www.sergeomin.gob.bo\/wp-content\/uploads\/2025\/09\/AMA-SUA.jfif_-1.jpg 943w, https:\/\/www.sergeomin.gob.bo\/wp-content\/uploads\/2025\/09\/AMA-SUA.jfif_-1-300x223.jpg 300w, https:\/\/www.sergeomin.gob.bo\/wp-content\/uploads\/2025\/09\/AMA-SUA.jfif_-1-768x571.jpg 768w\" sizes=\"(max-width: 640px) 100vw, 640px\" \/>\t\t\t\t\t\t\t\t\t\t\t\t\t<\/div>\n\t\t\t\t<\/div>\n\t\t\t\t\t<\/div>\n\t\t<\/div>\n\t\t\t\t\t<\/div>\n\t\t<\/section>\n\t\t\t\t<section class=\"elementor-section elementor-top-section elementor-element elementor-element-6b4807e elementor-section-boxed elementor-section-height-default elementor-section-height-default\" data-id=\"6b4807e\" data-element_type=\"section\">\n\t\t\t\t\t\t<div class=\"elementor-container elementor-column-gap-default\">\n\t\t\t\t\t<div class=\"elementor-column elementor-col-100 elementor-top-column elementor-element elementor-element-10162a6\" data-id=\"10162a6\" data-element_type=\"column\">\n\t\t\t<div class=\"elementor-widget-wrap elementor-element-populated\">\n\t\t\t\t\t\t<div class=\"elementor-element elementor-element-283c169 elementor-widget elementor-widget-spacer\" data-id=\"283c169\" data-element_type=\"widget\" data-widget_type=\"spacer.default\">\n\t\t\t\t<div class=\"elementor-widget-container\">\n\t\t\t\t\t<div class=\"elementor-spacer\">\n\t\t\t<div class=\"elementor-spacer-inner\"><\/div>\n\t\t<\/div>\n\t\t\t\t<\/div>\n\t\t\t\t<\/div>\n\t\t\t\t\t<\/div>\n\t\t<\/div>\n\t\t\t\t\t<\/div>\n\t\t<\/section>\n\t\t\t\t<\/div>\n\t\t","protected":false},"excerpt":{"rendered":"<p>MISI\u00d3N Realizar prospecci\u00f3n y exploraci\u00f3n de los recursos naturales no renovables, generar informaci\u00f3n geo-cient\u00edfica, elaborar<\/p>\n","protected":false},"author":3,"featured_media":0,"parent":0,"menu_order":0,"comment_status":"closed","ping_status":"closed","template":"elementor_header_footer","meta":{"footnotes":""},"class_list":["post-662","page","type-page","status-publish","hentry"],"_links":{"self":[{"href":"https:\/\/www.sergeomin.gob.bo\/index.php\/wp-json\/wp\/v2\/pages\/662","targetHints":{"allow":["GET"]}}],"collection":[{"href":"https:\/\/www.sergeomin.gob.bo\/index.php\/wp-json\/wp\/v2\/pages"}],"about":[{"href":"https:\/\/www.sergeomin.gob.bo\/index.php\/wp-json\/wp\/v2\/types\/page"}],"author":[{"embeddable":true,"href":"https:\/\/www.sergeomin.gob.bo\/index.php\/wp-json\/wp\/v2\/users\/3"}],"replies":[{"embeddable":true,"href":"https:\/\/www.sergeomin.gob.bo\/index.php\/wp-json\/wp\/v2\/comments?post=662"}],"version-history":[{"count":136,"href":"https:\/\/www.sergeomin.gob.bo\/index.php\/wp-json\/wp\/v2\/pages\/662\/revisions"}],"predecessor-version":[{"id":6843,"href":"https:\/\/www.sergeomin.gob.bo\/index.php\/wp-json\/wp\/v2\/pages\/662\/revisions\/6843"}],"wp:attachment":[{"href":"https:\/\/www.sergeomin.gob.bo\/index.php\/wp-json\/wp\/v2\/media?parent=662"}],"curies":[{"name":"wp","href":"https:\/\/api.w.org\/{rel}","templated":true}]}}