{"id":664,"date":"2023-04-08T12:51:47","date_gmt":"2023-04-08T12:51:47","guid":{"rendered":"http:\/\/www.sergeomin.gob.bo\/?page_id=664"},"modified":"2025-09-16T15:09:11","modified_gmt":"2025-09-16T15:09:11","slug":"objetivos-institucionales","status":"publish","type":"page","link":"https:\/\/www.sergeomin.gob.bo\/index.php\/objetivos-institucionales\/","title":{"rendered":"OBJETIVOS INSTITUCIONALES"},"content":{"rendered":"\t\t<div data-elementor-type=\"wp-page\" data-elementor-id=\"664\" class=\"elementor elementor-664\">\n\t\t\t\t\t\t<section class=\"elementor-section elementor-top-section elementor-element elementor-element-f26dc30 elementor-section-boxed elementor-section-height-default elementor-section-height-default\" data-id=\"f26dc30\" data-element_type=\"section\">\n\t\t\t\t\t\t<div class=\"elementor-container elementor-column-gap-default\">\n\t\t\t\t\t<div class=\"elementor-column elementor-col-100 elementor-top-column elementor-element elementor-element-6048127\" data-id=\"6048127\" data-element_type=\"column\">\n\t\t\t<div class=\"elementor-widget-wrap elementor-element-populated\">\n\t\t\t\t\t\t<div class=\"elementor-element elementor-element-74ad6a0 elementor-widget elementor-widget-spacer\" data-id=\"74ad6a0\" data-element_type=\"widget\" data-widget_type=\"spacer.default\">\n\t\t\t\t<div class=\"elementor-widget-container\">\n\t\t\t\t\t<div class=\"elementor-spacer\">\n\t\t\t<div class=\"elementor-spacer-inner\"><\/div>\n\t\t<\/div>\n\t\t\t\t<\/div>\n\t\t\t\t<\/div>\n\t\t\t\t\t<\/div>\n\t\t<\/div>\n\t\t\t\t\t<\/div>\n\t\t<\/section>\n\t\t\t\t<section class=\"elementor-section elementor-top-section elementor-element elementor-element-b6412dc elementor-section-boxed elementor-section-height-default elementor-section-height-default\" data-id=\"b6412dc\" data-element_type=\"section\">\n\t\t\t\t\t\t<div class=\"elementor-container elementor-column-gap-default\">\n\t\t\t\t\t<div class=\"elementor-column elementor-col-100 elementor-top-column elementor-element elementor-element-4399dd6\" data-id=\"4399dd6\" data-element_type=\"column\">\n\t\t\t<div class=\"elementor-widget-wrap elementor-element-populated\">\n\t\t\t\t\t\t<div class=\"elementor-element elementor-element-a163aaf elementor-widget elementor-widget-heading\" data-id=\"a163aaf\" data-element_type=\"widget\" data-widget_type=\"heading.default\">\n\t\t\t\t<div class=\"elementor-widget-container\">\n\t\t\t<h2 class=\"elementor-heading-title elementor-size-default\">Objetivos Institucionales<\/h2>\t\t<\/div>\n\t\t\t\t<\/div>\n\t\t\t\t\t<\/div>\n\t\t<\/div>\n\t\t\t\t\t<\/div>\n\t\t<\/section>\n\t\t\t\t<section class=\"elementor-section elementor-top-section elementor-element elementor-element-7b2a1df elementor-section-boxed elementor-section-height-default elementor-section-height-default\" data-id=\"7b2a1df\" data-element_type=\"section\">\n\t\t\t\t\t\t<div class=\"elementor-container elementor-column-gap-default\">\n\t\t\t\t\t<div class=\"elementor-column elementor-col-50 elementor-top-column elementor-element elementor-element-2e1a65e\" data-id=\"2e1a65e\" data-element_type=\"column\">\n\t\t\t<div class=\"elementor-widget-wrap elementor-element-populated\">\n\t\t\t\t\t\t<div class=\"elementor-element elementor-element-54c922a elementor-widget__width-initial elementor-widget elementor-widget-text-editor\" data-id=\"54c922a\" data-element_type=\"widget\" data-widget_type=\"text-editor.default\">\n\t\t\t\t<div class=\"elementor-widget-container\">\n\t\t\t\t\t\t\t<p>Administrar eficaz, eficiente y transparentemente los recursos financieros y no financieros que dispone el SERGEOMIN, otorgando el soporte t\u00e9cnico y financiero que requieran las unidades organizacionales de la entidad mediante implementaci\u00f3n y aplicaci\u00f3n de los sistemas establecidos en la Ley N\u00ba1178.<\/p><p>\u00a0<\/p><p>Generar, actualizar informaci\u00f3n b\u00e1sica de geolog\u00eda, recursos mineral\u00f3gicos y publicar mapas regionales a Escala 1: 100.000 (Carta Geol\u00f3gica) y 1: 250.000 (Mapas Tem\u00e1ticos) en todo el territorio Nacional, en \u00e1reas de inter\u00e9s minero para futuros trabajos de prospecci\u00f3n y exploraci\u00f3n.<\/p><p>\u00a0<\/p><p>Identificar, elaborar y desarrollar proyectos de prospecci\u00f3n y exploraci\u00f3n geol\u00f3gica minera para cuantificar reservas y recursos mineral\u00f3gicas para el emprendimiento de nuevos proyectos mineros.<\/p><p>\u00a0<\/p><p>Promover y gestionar servicios geol\u00f3gicos remunerados (prospecci\u00f3n, exploraci\u00f3n minera, geof\u00edsica, geoqu\u00edmicos, medioambientales, geot\u00e9cnicos, riesgos geol\u00f3gicos, estudios hidrogeol\u00f3gicos, petrogr\u00e1ficos, minera gr\u00e1ficos, y de inclusiones fluidas), servicio de laboratorio especializado e implementaci\u00f3n de Equipamiento e infraestructura, coadyuvar y complementar a la elaboraci\u00f3n de portafolios multidisciplinarios.<\/p>\t\t\t\t\t\t<\/div>\n\t\t\t\t<\/div>\n\t\t\t\t\t<\/div>\n\t\t<\/div>\n\t\t\t\t<div class=\"elementor-column elementor-col-50 elementor-top-column elementor-element elementor-element-c5fd0e8\" data-id=\"c5fd0e8\" data-element_type=\"column\">\n\t\t\t<div class=\"elementor-widget-wrap elementor-element-populated\">\n\t\t\t\t\t\t<div class=\"elementor-element elementor-element-46b593e elementor-invisible elementor-widget elementor-widget-image\" data-id=\"46b593e\" data-element_type=\"widget\" data-settings=\"{&quot;_animation&quot;:&quot;fadeInDown&quot;}\" data-widget_type=\"image.default\">\n\t\t\t\t<div class=\"elementor-widget-container\">\n\t\t\t\t\t\t\t\t\t\t\t\t\t<img fetchpriority=\"high\" decoding=\"async\" width=\"640\" height=\"853\" src=\"https:\/\/www.sergeomin.gob.bo\/wp-content\/uploads\/2025\/09\/objetivos-768x1024.jpg\" class=\"attachment-large size-large wp-image-6486\" alt=\"\" srcset=\"https:\/\/www.sergeomin.gob.bo\/wp-content\/uploads\/2025\/09\/objetivos-768x1024.jpg 768w, https:\/\/www.sergeomin.gob.bo\/wp-content\/uploads\/2025\/09\/objetivos-225x300.jpg 225w, https:\/\/www.sergeomin.gob.bo\/wp-content\/uploads\/2025\/09\/objetivos-1152x1536.jpg 1152w, https:\/\/www.sergeomin.gob.bo\/wp-content\/uploads\/2025\/09\/objetivos-1536x2048.jpg 1536w, https:\/\/www.sergeomin.gob.bo\/wp-content\/uploads\/2025\/09\/objetivos-1024x1365.jpg 1024w, https:\/\/www.sergeomin.gob.bo\/wp-content\/uploads\/2025\/09\/elementor\/thumbs\/objetivos-scaled-rbm2rzh30um0giqvjxhk07a04ryo4y4e3ydv2qvrrs.jpg 21w, https:\/\/www.sergeomin.gob.bo\/wp-content\/uploads\/2025\/09\/objetivos-scaled.jpg 1920w\" sizes=\"(max-width: 640px) 100vw, 640px\" \/>\t\t\t\t\t\t\t\t\t\t\t\t\t<\/div>\n\t\t\t\t<\/div>\n\t\t\t\t\t<\/div>\n\t\t<\/div>\n\t\t\t\t\t<\/div>\n\t\t<\/section>\n\t\t\t\t<\/div>\n\t\t","protected":false},"excerpt":{"rendered":"<p>Objetivos Institucionales Administrar eficaz, eficiente y transparentemente los recursos financieros y no financieros que dispone<\/p>\n","protected":false},"author":3,"featured_media":0,"parent":0,"menu_order":0,"comment_status":"closed","ping_status":"closed","template":"elementor_header_footer","meta":{"footnotes":""},"class_list":["post-664","page","type-page","status-publish","hentry"],"_links":{"self":[{"href":"https:\/\/www.sergeomin.gob.bo\/index.php\/wp-json\/wp\/v2\/pages\/664","targetHints":{"allow":["GET"]}}],"collection":[{"href":"https:\/\/www.sergeomin.gob.bo\/index.php\/wp-json\/wp\/v2\/pages"}],"about":[{"href":"https:\/\/www.sergeomin.gob.bo\/index.php\/wp-json\/wp\/v2\/types\/page"}],"author":[{"embeddable":true,"href":"https:\/\/www.sergeomin.gob.bo\/index.php\/wp-json\/wp\/v2\/users\/3"}],"replies":[{"embeddable":true,"href":"https:\/\/www.sergeomin.gob.bo\/index.php\/wp-json\/wp\/v2\/comments?post=664"}],"version-history":[{"count":49,"href":"https:\/\/www.sergeomin.gob.bo\/index.php\/wp-json\/wp\/v2\/pages\/664\/revisions"}],"predecessor-version":[{"id":6952,"href":"https:\/\/www.sergeomin.gob.bo\/index.php\/wp-json\/wp\/v2\/pages\/664\/revisions\/6952"}],"wp:attachment":[{"href":"https:\/\/www.sergeomin.gob.bo\/index.php\/wp-json\/wp\/v2\/media?parent=664"}],"curies":[{"name":"wp","href":"https:\/\/api.w.org\/{rel}","templated":true}]}}